{"id":967,"date":"2018-08-10T15:47:19","date_gmt":"2018-08-10T12:47:19","guid":{"rendered":"http:\/\/www.minitiimi.com\/?page_id=967"},"modified":"2022-04-04T08:52:24","modified_gmt":"2022-04-04T05:52:24","slug":"nemo","status":"publish","type":"page","link":"https:\/\/www.minitiimi.com\/?page_id=967","title":{"rendered":"Nemo"},"content":{"rendered":"<blockquote><p>FI &amp; SE &amp; NO &amp; POHJ MVA Sunland Show Time Warrior<\/p><\/blockquote>\n<p>Sunland Show Time Warrior eli Nemo t\u00e4ytti pitk\u00e4aikaiset haaveeni edesmenneen Nunoni (Ch Minitiimin One Man Show) australialaisella verell\u00e4 blendatusta j\u00e4lkikasvusta. Kes\u00e4ll\u00e4 2017 haaveeni saivat tuulta alleen, kun Nunon tyt\u00e4r Holly synnytti Sunlandien pentulaatikkoon viisi pentua &#8211; 2 poikaa ja 3 tytt\u00f6\u00e4 &#8211; ja min\u00e4 sain valita ensimm\u00e4isen\u00e4.<\/p>\n<p>Kun n\u00e4in Nemon ensimm\u00e4isen kerran liven\u00e4 vuotta my\u00f6hemmin Perthiss\u00e4 j\u00e4rjestetyss\u00e4 Sheltie Nationalissa, ihastuin siihen v\u00e4litt\u00f6m\u00e4sti. Se oli juuri sellainen kuin olin sen kuvitellut olevankin. Tuomaripuolelta katsottuna se muistuttaa kovasti isois\u00e4\u00e4ns\u00e4 Nunoa, mik\u00e4 ilahduttaa minua tietenkin kovasti.<\/p>\n<p>Muutaman meist\u00e4 riippumattoman viiv\u00e4styksen ja vastoink\u00e4ymisen j\u00e4lkeen Nemo saatiin vihdoin Suomeen. Se lensi Suomeen 27.7.2018, reilun vuoden ik\u00e4isen\u00e4.<\/p>\n<p>Nemon takaa l\u00f6ytyy is\u00e4ns\u00e4 puolelta meille t\u00e4ysin uutta verta, ja em\u00e4n puolelta minulle vanhoja, tuttuja sukuja. Nemo on em\u00e4ns\u00e4 puolelta sukua my\u00f6s Valtolle\/Rangerille, sill\u00e4 Valton is\u00e4 Armani l\u00f6ytyy my\u00f6s Nemon sukutaulusta (em\u00e4nem\u00e4nis\u00e4).<\/p>\n<p>Nemo on brittityyppinen ja -linjainen sheltti. Sen takaa ei l\u00f6ydy jenkkiverta. Nimens\u00e4 Nemo sai jo Ausseissa Julia Van Dinterin yst\u00e4v\u00e4lt\u00e4, joka p\u00e4\u00e4tt\u00e4v\u00e4isesti kutsui soopelivalkoista pentua Nemoksi. Nimi sopi minullekin hyvin, sill\u00e4 l\u00e4hes kaikki kotiinj\u00e4tetyt kasvattini, joiden takana on kantakoirani Nirppu, on nimetty N-alkukirjaimella. Nemo jatkakoon sit\u00e4 linjaa omalta osaltaan.<\/p>\n<p>Nemon is\u00e4 on upeaa j\u00e4lke\u00e4 jalostuksessa j\u00e4tt\u00e4nyt Ch Shatrin Patron Saint, &#8221;Travis&#8221;. Nemon em\u00e4 on oman Nunoni pakkastyt\u00e4r &#8221;Holly&#8221;, Ch Sunland Shes All Show. Nunosta ker\u00e4ttiin kes\u00e4ll\u00e4 2007 pakastesiement\u00e4 talteen ja l\u00e4hetettiin Australiaan. Holly on Nunon ensimm\u00e4isest\u00e4 pakkaspentueesta &#8221;Maddien&#8221;, Ch Sunland Shes Tailrd Made, kanssa.<\/p>\n<p>Nemon is\u00e4 Travis on p\u00e4rj\u00e4nnyt n\u00e4yttelyss\u00e4 mainiosti, vaikka aloittikin showuransa vasta &#8221;vanhoilla p\u00e4ivill\u00e4\u00e4n&#8221;. Se oli mm. vuonna 2016 Sydney Royalin ROP ruotsalaisen Per Svarstadin (Moorwood) tuomaroimana. Travisin is\u00e4 &#8221;Flynn&#8221; Sup Ch Shatrin Saints B Praised taas voitti vuoden 2009 Sheltie Nationalissa urokset ja oli lopulta n\u00e4yttelyn RuBIS (RunnerUp Exhibit In Show) englantilaisen kasvattajatuomarin Margaret Lambertin (Blenmerrow) tuomaroimana. My\u00f6s Nemon em\u00e4 on niitt\u00e4nyt mainetta n\u00e4yttelyiss\u00e4. Sen merkitt\u00e4vin voitto tuli SSCofVic 55th Championship Showssa toukokuussa 2014, kun se voitti Best In Shown ruotsalaisen kasvattajatuomarin Johnny Anderssonin (Lundecock&#8217;s) palkitsemana.<\/p>\n<p>Nemo ehti piipahtaa Australiassa muutamassa n\u00e4yttelyss\u00e4 kev\u00e4\u00e4ll\u00e4 2018 pentuluokissa saavuttaen kolme vara-serti\u00e4 (ResCC). Perthin Nationalissa, vain pari viikkoa ennen Suomeen tuloa, se sijoittui omassa luokassaan viidenneksi ja sai ruotsalaiselta kasvattajatuomarilta, Monica Mattfolkilta (Yosemite) mukavan arvostelun:<\/p>\n<p><span style=\"color: #999999;\">&#8221;A sable boy of an excellent type with a very nice expression. Sweet eyes, ears on top. Correct stop, well rounded muzzle<\/span><br \/>\n<span style=\"color: #999999;\">and correct bite. Lovely neck and top line. Well carried tail. Very nice angulation in front and behind. He moves very nice well. Very well handled. Excellent temperament.&#8221;<\/span><\/p>\n<p>Suomen muotovalio Nemosta tehtiin Mikkeliss\u00e4 13.7.2019. Se ker\u00e4si kuudesta n\u00e4yttelyst\u00e4\u00e4n Suomessa yhteens\u00e4 3 serti\u00e4 ja 2 varaserti\u00e4 ennen valioitumistaan. Ruotsin muotovalio Nemosta tuli reilun kuukauden p\u00e4\u00e4st\u00e4 \u00d6verkalixissa ja Norjan valio lokakuun alussa 2019. Kolmen pohjoismaan valiona Nemosta tuli my\u00f6s Pohjoismaiden muotovalio (siirtym\u00e4ajan puitteissa).<\/p>\n<p>Ei jalostuksessa.<\/p>\n<hr \/>\n<p><span style=\"color: #999999;\">A sable male Sunland Show Time Warrior &#8221;Nemo&#8221; arrived in July 2018 from Australia, Perth at the age of 12 months. His sire is Ch Shatrin Patron Saint and his dam is Ch Sunland Shes All Show (AI) after my late Ch Minitiimin One Man Show.<\/span><\/p>\n<p><span style=\"color: #999999;\">My dreams came true when Nemo arrived. As I didn&#8217;t get any progeny of his grand sire Nuno (Ch Minitiimin One Man Show) &#8211; bad timing and all my girls were closely related to Nuno at those times &#8211; I just could hope that I will have an opportunity to buy one of his grand children. I&#8217;m extremely grateful that Mrs Susan Van Dinter allowed me to have this promising boy to be a valuable asset to my future breeding plans.<\/span><\/p>\n<p><span style=\"color: #999999;\">Nemo was shown sparingly before he left the shores of Australia. He has 3 resCC&#8217;s from puppy classes from Australia.<\/span><\/p>\n<p><span style=\"color: #999999;\">He gained his Finnish champion title at Mikkeli show 13th July 2019. A total of 7 shows for 3 CC&#8217;s &amp; 2 ResCC. He gained his Swedish Champion title only a month later and Norwegian Champion title in the beginning of October 2019. He will be known as Nordic Champion as well.<br \/>\n<\/span><\/p>\n<p><span style=\"color: #999999;\">Not for breeding.<br \/>\n<\/span><\/p>\n<hr \/>\n<blockquote><p>Nemo p\u00e4hkin\u00e4nkuoressa | Nemo in a Nutshell<\/p><\/blockquote>\n<p>Soopeli-valkoinen uros | <span style=\"color: #999999;\">Sable and white male<\/span><br \/>\nSyntynyt 8.7.2017 | <span style=\"color: #999999;\">Born 8th July 2017<\/span><br \/>\n<b>Silm\u00e4t:<\/b> CEA-vapaa, PRA-vapaa, kortikaalinen katarakta liev\u00e4 (05\/2021), distichiasis liev\u00e4 |<br \/>\n<span style=\"color: #999999;\"><b>Eyes:<\/b> CEA clear, PRA clear, cortical cataract mild (05\/2021),<br \/>\ndistichiasis mild<br \/>\n<span style=\"color: #000000;\">Slovgen WT\/WT Non-affected (CEA\/CH Normal, gen. clear)<\/span><br \/>\n<\/span><b><\/b><\/p>\n<p><b>Lonkat:<\/b> A\/A | <span style=\"color: #999999;\"><b>HD:<\/b> A\/A (FCI)<\/span><br \/>\n<b>Kyyn\u00e4r\u00e4t:<\/b> 0\/0 | <span style=\"color: #999999;\"><b>ED:<\/b> 0\/0 (FCI)<\/span><br \/>\n<b>Polvet:<\/b> 0\/0 | <span style=\"color: #999999;\"><b>Patellas:<\/b> 0\/0<\/span><br \/>\nS<b>yd\u00e4men kuuntelutulos:<\/b> Ei sivu\u00e4\u00e4ni\u00e4 |<br \/>\n<span style=\"color: #999999;\"><b>Heart:<\/b> No heart symptoms<br \/>\n<\/span><strong>MDR1<\/strong> N\/P (+\/-) carrier (Slovgen)<br \/>\n<strong>DNA-profiili<\/strong> | <span style=\"color: #999999;\">DNA profiled<\/span><\/p>\n<ul>\n<li>Kaikki hampaat | <span style=\"color: #999999;\">Full dentition<\/span><\/li>\n<li>Leikkaava purenta | <span style=\"color: #999999;\">Scissors bite<\/span><\/li>\n<li>Koko 37,5 cm | <span style=\"color: #999999;\">Size 37,5 cm<\/span><\/li>\n<li>Molemmat kivekset alle 7-viikkoisena |<br \/>\n<span style=\"color: #999999;\">Both testies under the age of 7 weeks<\/span><\/li>\n<li>Trikkitekij\u00e4 | <span style=\"color: #999999;\">Tri factored<\/span><\/li>\n<\/ul>\n<hr \/>\n<p><strong>N\u00e4yttelytuloksia | Show results<\/strong><\/p>\n<ul>\n<li>Suomen muotovalio | <span style=\"color: #999999;\">Finnish Champion<\/span><\/li>\n<li>Ruotsin muotovalio | <span style=\"color: #999999;\">Swedish Champion<\/span><\/li>\n<li>Norjan muotovalio | <span style=\"color: #999999;\">Norwegian Champion<\/span><\/li>\n<li>Pohjoismaiden muotovalio | <span style=\"color: #999999;\">Nordic Champion<\/span><\/li>\n<li>3 x SERT (Finland) | <span style=\"color: #999999;\">2 x CC<\/span><\/li>\n<li>1 x CERT (Sweden) | <span style=\"color: #999999;\">1 x CC<\/span><\/li>\n<li>1 x CERT (Norway) | <span style=\"color: #999999;\">1 x CC<\/span><\/li>\n<li>2 x VARA-SERT (Finland) | <span style=\"color: #999999;\">2 x resCC<\/span><\/li>\n<li>3 x CACIB<\/li>\n<li>3 x resCC (Australia)<\/li>\n<\/ul>\n<hr \/>\n<p><strong>Nemon j\u00e4lkel\u00e4isi\u00e4 | Nemo\u2019s offspring<\/strong><br \/>\nurokset+nartut | males+females<\/p>\n<ol>\n<li><b>P\u00e4hkin\u00e4polun kennel<\/b>, kasvattaja \/ breeder Minna Karvonen<br \/>\n2.2.2019, 1+3<\/li>\n<li><b>Helskon kennel<\/b>, kasvattaja \/ breeder Seija ja Taru Ohtonen<br \/>\n25.9.2019, 1+1<\/li>\n<li><strong>Shelmian kennel<\/strong>, kasvattaja \/ breeder Marika Syv\u00e4salmi<br \/>\n14.10.2019, 1+0<\/li>\n<li><strong>Minitiimin kennel<\/strong>, kasvattaja \/ breeder Minitiimi<br \/>\n16.02.2020, 0+1<\/li>\n<li><strong>Golden Rose kennel<\/strong>, kasvattaja \/ breeder Eila P\u00f6ys\u00e4<br \/>\n21.02.2020, 1+1<\/li>\n<li><strong>Lemmikkipolun kennel<\/strong>, kasvattaja \/ breeder Tuula Vesala<br \/>\n5.3.2020, 1+2<\/li>\n<li><strong>Dash&#8217;ing kennel<\/strong>, kasvattaja \/ breeder Maarit Tervonen<br \/>\n10.3.2020, 2+1<\/li>\n<li><strong>Pilvikummun kennel<\/strong>, kasvattaja \/ breeder Kati V\u00e4nttinen<br \/>\n6.5.2020, 0+2<\/li>\n<li><strong>Jeonan kennel<\/strong>, kasvattaja\/breeder Heidi Viita<br \/>\n18.7.2020, 1+1<\/li>\n<\/ol>\n","protected":false},"excerpt":{"rendered":"<p>FI &amp; SE &amp; NO &amp; POHJ MVA Sunland Show Time Warrior Sunland Show Time Warrior eli Nemo t\u00e4ytti pitk\u00e4aikaiset haaveeni edesmenneen Nunoni (Ch Minitiimin One Man Show) australialaisella verell\u00e4 blendatusta j\u00e4lkikasvusta. Kes\u00e4ll\u00e4 2017 haaveeni saivat tuulta alleen, kun Nunon tyt\u00e4r Holly synnytti Sunlandien pentulaatikkoon viisi pentua &#8211; 2 poikaa ja 3 tytt\u00f6\u00e4 &#8211; ja &hellip; <a href=\"https:\/\/www.minitiimi.com\/?page_id=967\" class=\"more-link\">Jatka lukemista <span class=\"screen-reader-text\">Nemo<\/span> <span class=\"meta-nav\">&rarr;<\/span><\/a><\/p>\n","protected":false},"author":1,"featured_media":1065,"parent":21,"menu_order":11,"comment_status":"closed","ping_status":"closed","template":"","meta":[],"_links":{"self":[{"href":"https:\/\/www.minitiimi.com\/index.php?rest_route=\/wp\/v2\/pages\/967"}],"collection":[{"href":"https:\/\/www.minitiimi.com\/index.php?rest_route=\/wp\/v2\/pages"}],"about":[{"href":"https:\/\/www.minitiimi.com\/index.php?rest_route=\/wp\/v2\/types\/page"}],"author":[{"embeddable":true,"href":"https:\/\/www.minitiimi.com\/index.php?rest_route=\/wp\/v2\/users\/1"}],"replies":[{"embeddable":true,"href":"https:\/\/www.minitiimi.com\/index.php?rest_route=%2Fwp%2Fv2%2Fcomments&post=967"}],"version-history":[{"count":32,"href":"https:\/\/www.minitiimi.com\/index.php?rest_route=\/wp\/v2\/pages\/967\/revisions"}],"predecessor-version":[{"id":1132,"href":"https:\/\/www.minitiimi.com\/index.php?rest_route=\/wp\/v2\/pages\/967\/revisions\/1132"}],"up":[{"embeddable":true,"href":"https:\/\/www.minitiimi.com\/index.php?rest_route=\/wp\/v2\/pages\/21"}],"wp:featuredmedia":[{"embeddable":true,"href":"https:\/\/www.minitiimi.com\/index.php?rest_route=\/wp\/v2\/media\/1065"}],"wp:attachment":[{"href":"https:\/\/www.minitiimi.com\/index.php?rest_route=%2Fwp%2Fv2%2Fmedia&parent=967"}],"curies":[{"name":"wp","href":"https:\/\/api.w.org\/{rel}","templated":true}]}}