{"id":896,"date":"2017-10-07T15:25:22","date_gmt":"2017-10-07T12:25:22","guid":{"rendered":"http:\/\/www.minitiimi.com\/?page_id=896"},"modified":"2020-08-14T17:23:23","modified_gmt":"2020-08-14T14:23:23","slug":"muru","status":"publish","type":"page","link":"https:\/\/www.minitiimi.com\/?page_id=896","title":{"rendered":"Muru"},"content":{"rendered":"<blockquote><p>Fi MVA Golden Rose As Good As Gold<\/p><\/blockquote>\n<p>Muru on t\u00e4ysin ulkolinjainen narttu, joka muutti 8-viikkoisena Nastolasta lokakuun alussa 2016. Olen ihaillut Murun em\u00e4\u00e4 Ruskaa jo pennusta, ja kun kuulin, ett\u00e4 Ruska oli synnytt\u00e4nyt nelj\u00e4 narttupentua, kiinnostukseni her\u00e4si. Kun n\u00e4in ensimm\u00e4iset kuvat pienokaisista, menetin syd\u00e4meni Neiti numero ykk\u00f6selle. Ykk\u00f6nen oli ykk\u00f6nen minulle viel\u00e4 luovutusi\u00e4ss\u00e4kin ja k\u00e4vin kotiuttamassa tyt\u00f6n pohjoiseen.<\/p>\n<hr \/>\n<p><span style=\"color: #999999;\">One of the latest additions to our team is a bitch puppy Golden Rose As Good As Gold. She was born in August 2016. She finished her Finnish Champion title at Pihtipudas show 2019.<br \/>\n<\/span><\/p>\n<hr \/>\n<blockquote><p>Muru p\u00e4hkin\u00e4nkuoressa | Muru in a Nutshell<\/p><\/blockquote>\n<p>Soopelivalkoinen narttu | <span style=\"color: #999999;\">Sable and white female<\/span><br \/>\nSyntynyt 4.8.2016 | <span style=\"color: #999999;\">Born 4th August 2016<\/span><\/p>\n<p><b>Silm\u00e4t:\u00a0<\/b>CEA- ja PRA-vapaa<b> | <span style=\"color: #999999;\">Eyes: <\/span><\/b><span style=\"color: #999999;\">CEA and PRA clear (10\/2019)<\/span><br \/>\nGeenitestattu CEA Carrier (Slovgen) | <span style=\"color: #999999;\">CEA\/CH Carrier (Slovgen)<\/span><br \/>\n<strong>MDR1<\/strong> N\/N (+\/+) Normal (Slovgen)<\/p>\n<p><strong>Lonkat:<\/strong> B\/B | <span style=\"color: #999999;\"><strong>HD:<\/strong> B\/B<\/span><br \/>\n<strong>Kyyn\u00e4r\u00e4t:<\/strong> 0\/0 |<span style=\"color: #999999;\"><strong> ED:<\/strong> 0\/0<\/span><br \/>\n<strong>Polvet:<\/strong> 0\/0 | <span style=\"color: #999999;\"><strong>Patellas:<\/strong> 0\/0<\/span><br \/>\n<strong>Syd\u00e4nkuuntelu:<\/strong> oireeton |<br \/>\n<span style=\"color: #999999;\"><strong>Heart:<\/strong> no heart symptoms<\/span><br \/>\n<strong>Selk\u00e4:<\/strong> LTV0 VA0 | <span style=\"color: #999999;\"><strong>Spine:<\/strong> LTV0 VA0<\/span><\/p>\n<ul>\n<li>Leikkaava purenta | <span style=\"color: #999999;\">Scissors bite<\/span><\/li>\n<li>Kaikki hampaat | <span style=\"color: #999999;\">Full dentition<\/span><\/li>\n<li>Koko 35 cm | <span style=\"color: #999999;\">Size 35 cm<\/span><\/li>\n<\/ul>\n<hr \/>\n<p><strong>N\u00e4yttelytuloksia | <span style=\"color: #999999;\">Show results<\/span><\/strong><\/p>\n<ul>\n<li>Suomen muotovalio | <span style=\"color: #999999;\">Finnish Champion<\/span><\/li>\n<li>3 x SERT | <span style=\"color: #999999;\">3 x CC<\/span><\/li>\n<li>1 x VASERT | <span style=\"color: #999999;\">1 x ResCC<\/span><\/li>\n<\/ul>\n","protected":false},"excerpt":{"rendered":"<p>Fi MVA Golden Rose As Good As Gold Muru on t\u00e4ysin ulkolinjainen narttu, joka muutti 8-viikkoisena Nastolasta lokakuun alussa 2016. Olen ihaillut Murun em\u00e4\u00e4 Ruskaa jo pennusta, ja kun kuulin, ett\u00e4 Ruska oli synnytt\u00e4nyt nelj\u00e4 narttupentua, kiinnostukseni her\u00e4si. Kun n\u00e4in ensimm\u00e4iset kuvat pienokaisista, menetin syd\u00e4meni Neiti numero ykk\u00f6selle. Ykk\u00f6nen oli ykk\u00f6nen minulle viel\u00e4 luovutusi\u00e4ss\u00e4kin ja &hellip; <a href=\"https:\/\/www.minitiimi.com\/?page_id=896\" class=\"more-link\">Jatka lukemista <span class=\"screen-reader-text\">Muru<\/span> <span class=\"meta-nav\">&rarr;<\/span><\/a><\/p>\n","protected":false},"author":1,"featured_media":1067,"parent":21,"menu_order":10,"comment_status":"closed","ping_status":"closed","template":"","meta":[],"_links":{"self":[{"href":"https:\/\/www.minitiimi.com\/index.php?rest_route=\/wp\/v2\/pages\/896"}],"collection":[{"href":"https:\/\/www.minitiimi.com\/index.php?rest_route=\/wp\/v2\/pages"}],"about":[{"href":"https:\/\/www.minitiimi.com\/index.php?rest_route=\/wp\/v2\/types\/page"}],"author":[{"embeddable":true,"href":"https:\/\/www.minitiimi.com\/index.php?rest_route=\/wp\/v2\/users\/1"}],"replies":[{"embeddable":true,"href":"https:\/\/www.minitiimi.com\/index.php?rest_route=%2Fwp%2Fv2%2Fcomments&post=896"}],"version-history":[{"count":7,"href":"https:\/\/www.minitiimi.com\/index.php?rest_route=\/wp\/v2\/pages\/896\/revisions"}],"predecessor-version":[{"id":1104,"href":"https:\/\/www.minitiimi.com\/index.php?rest_route=\/wp\/v2\/pages\/896\/revisions\/1104"}],"up":[{"embeddable":true,"href":"https:\/\/www.minitiimi.com\/index.php?rest_route=\/wp\/v2\/pages\/21"}],"wp:featuredmedia":[{"embeddable":true,"href":"https:\/\/www.minitiimi.com\/index.php?rest_route=\/wp\/v2\/media\/1067"}],"wp:attachment":[{"href":"https:\/\/www.minitiimi.com\/index.php?rest_route=%2Fwp%2Fv2%2Fmedia&parent=896"}],"curies":[{"name":"wp","href":"https:\/\/api.w.org\/{rel}","templated":true}]}}