{"id":890,"date":"2017-10-07T15:01:04","date_gmt":"2017-10-07T12:01:04","guid":{"rendered":"http:\/\/www.minitiimi.com\/?page_id=890"},"modified":"2020-06-30T11:00:25","modified_gmt":"2020-06-30T08:00:25","slug":"rusina","status":"publish","type":"page","link":"https:\/\/www.minitiimi.com\/?page_id=890","title":{"rendered":"Rusina"},"content":{"rendered":"<blockquote><p>FI MVA Minitiimin I Do I Do I Do<\/p><\/blockquote>\n<p>Rusina on meid\u00e4n Noomin ja Valton rakkauslapsi. Luonteeltaan se yht\u00e4 vauhdikas ja vilkas kuin em\u00e4ns\u00e4 ja yht\u00e4 ihmisrakas ja yht\u00e4 sulavasti tilanteeseen kuin tilanteeseen sukkuloiva kuin is\u00e4ns\u00e4. T\u00e4ydellinen sheltti &#8211; minulle.<\/p>\n<p>Vaikka Rusina ei ole juurikaan emoaan suurempi kooltaan, on se rakenteeltaan vankempi, pidempi ja s\u00e4k\u00e4korkeuttaan suuremman oloinen. Rusina valioitui Rovaniemen n\u00e4yttelyss\u00e4 kes\u00e4kuussa 2018, 2 vuoden ja 2 kk ik\u00e4isen\u00e4.<\/p>\n<hr \/>\n<p><span style=\"color: #999999;\">One of the latest additions to our team is a Noomi &amp; Ranger&#8217;s bitch puppy Minitiimin I Do I Do I Do. She was born in April 2016. She finished her champion title at Rovaniemi show in June 2018.<br \/>\n<\/span><\/p>\n<hr \/>\n<blockquote><p>Rusina p\u00e4hkin\u00e4nkuoressa | Rusina in a Nutshell<\/p><\/blockquote>\n<p>Soopelivalkoinen narttu | <span style=\"color: #999999;\">Sable and white female<\/span><br \/>\nSyntynyt 13.4.2016 | <span style=\"color: #999999;\">Born 13th April 2016<\/span><\/p>\n<p><b>Silm\u00e4t:\u00a0<\/b>CEA- ja PRA-vapaa<b> | <span style=\"color: #999999;\">Eyes: <\/span><\/b><span style=\"color: #999999;\">CEA and PRA clear (10\/2019)<br \/>\n<span style=\"color: #000000;\">Geenitestattu CEA Normal (Slovgen)<\/span> | CEA\/CH Normal (Slovgen)<br \/>\n<span style=\"color: #000000;\"><strong>MDR1<\/strong> N\/P (+\/-) carrier<\/span> <\/span>(Slovgen)<span style=\"color: #999999;\"><br \/>\n<\/span><\/p>\n<p><strong>Lonkat:<\/strong> A\/A| <span style=\"color: #999999;\"><strong>HD:<\/strong> A\/A<\/span><br \/>\n<strong>Kyyn\u00e4r\u00e4t:<\/strong> 0\/0 |<span style=\"color: #999999;\"><strong> ED:<\/strong> 0\/0<\/span><br \/>\n<strong>Polvet:<\/strong> 0\/0 | <span style=\"color: #999999;\"><strong>Patellas:<\/strong> 0\/0<\/span><br \/>\n<strong>Syd\u00e4nkuuntelu:<\/strong> oireeton |<br \/>\n<span style=\"color: #999999;\"><strong>Heart:<\/strong> no heart symptoms<\/span><br \/>\n<strong>Selk\u00e4:<\/strong> LTV1 VA0 | <span style=\"color: #999999;\"><strong>Spine:<\/strong> LTV1 VA0<\/span><\/p>\n<ul>\n<li>Kaikki hampaat | <span style=\"color: #999999;\">Full dentition<\/span><\/li>\n<li>Leikkaava purenta | <span style=\"color: #999999;\">Scissors bite<\/span><\/li>\n<li>Koko n. 34 cm | <span style=\"color: #999999;\">Size approx. 34 cm<\/span><\/li>\n<\/ul>\n<hr \/>\n<p><strong>N\u00e4yttelytuloksia | <span style=\"color: #999999;\">Show results<\/span><\/strong><\/p>\n<ul>\n<li>1 x VSP | <span style=\"color: #999999;\">1 x BOS<\/span><\/li>\n<li>3 x SERT | <span style=\"color: #999999;\">3 x CC<\/span><\/li>\n<li>Suomen muotovalio 2018 | <span style=\"color: #999999;\">Finnish Champion 2018<\/span><\/li>\n<\/ul>\n<hr \/>\n<p><strong>Rusinan j\u00e4lkel\u00e4isi\u00e4 | Rusina\u2019s offspring<\/strong><br \/>\nurokset+nartut | males+females<\/p>\n<ol>\n<li><strong>P-pentue \/ litter<\/strong>, 16.02.2020, 0+1<\/li>\n<\/ol>\n","protected":false},"excerpt":{"rendered":"<p>FI MVA Minitiimin I Do I Do I Do Rusina on meid\u00e4n Noomin ja Valton rakkauslapsi. Luonteeltaan se yht\u00e4 vauhdikas ja vilkas kuin em\u00e4ns\u00e4 ja yht\u00e4 ihmisrakas ja yht\u00e4 sulavasti tilanteeseen kuin tilanteeseen sukkuloiva kuin is\u00e4ns\u00e4. T\u00e4ydellinen sheltti &#8211; minulle. Vaikka Rusina ei ole juurikaan emoaan suurempi kooltaan, on se rakenteeltaan vankempi, pidempi ja s\u00e4k\u00e4korkeuttaan &hellip; <a href=\"https:\/\/www.minitiimi.com\/?page_id=890\" class=\"more-link\">Jatka lukemista <span class=\"screen-reader-text\">Rusina<\/span> <span class=\"meta-nav\">&rarr;<\/span><\/a><\/p>\n","protected":false},"author":1,"featured_media":940,"parent":21,"menu_order":8,"comment_status":"closed","ping_status":"closed","template":"","meta":[],"_links":{"self":[{"href":"https:\/\/www.minitiimi.com\/index.php?rest_route=\/wp\/v2\/pages\/890"}],"collection":[{"href":"https:\/\/www.minitiimi.com\/index.php?rest_route=\/wp\/v2\/pages"}],"about":[{"href":"https:\/\/www.minitiimi.com\/index.php?rest_route=\/wp\/v2\/types\/page"}],"author":[{"embeddable":true,"href":"https:\/\/www.minitiimi.com\/index.php?rest_route=\/wp\/v2\/users\/1"}],"replies":[{"embeddable":true,"href":"https:\/\/www.minitiimi.com\/index.php?rest_route=%2Fwp%2Fv2%2Fcomments&post=890"}],"version-history":[{"count":9,"href":"https:\/\/www.minitiimi.com\/index.php?rest_route=\/wp\/v2\/pages\/890\/revisions"}],"predecessor-version":[{"id":1098,"href":"https:\/\/www.minitiimi.com\/index.php?rest_route=\/wp\/v2\/pages\/890\/revisions\/1098"}],"up":[{"embeddable":true,"href":"https:\/\/www.minitiimi.com\/index.php?rest_route=\/wp\/v2\/pages\/21"}],"wp:featuredmedia":[{"embeddable":true,"href":"https:\/\/www.minitiimi.com\/index.php?rest_route=\/wp\/v2\/media\/940"}],"wp:attachment":[{"href":"https:\/\/www.minitiimi.com\/index.php?rest_route=%2Fwp%2Fv2%2Fmedia&parent=890"}],"curies":[{"name":"wp","href":"https:\/\/api.w.org\/{rel}","templated":true}]}}