{"id":82,"date":"2014-03-03T22:05:10","date_gmt":"2014-03-03T20:05:10","guid":{"rendered":"http:\/\/minitiimi.com\/minitiimiwp\/?page_id=82"},"modified":"2019-07-29T13:28:16","modified_gmt":"2019-07-29T10:28:16","slug":"sijoituksessa-on-breeding-terms","status":"publish","type":"page","link":"https:\/\/www.minitiimi.com\/?page_id=82","title":{"rendered":"Muut | Others"},"content":{"rendered":"<blockquote><p>Sijoituskoira on lupaava pentu, josta kasvattaja toivoo kasvatusty\u00f6lleen jatkoa. Sijoituskoira asuu sijoituskodissaan, jossa se el\u00e4\u00e4 normaalia el\u00e4m\u00e4\u00e4 aivan samalla tavalla kuin perheen muut koirat ja lemmikit.<\/p><\/blockquote>\n<p>Koska pyrin kasvattamaan shelttej\u00e4 omaan tarpeeseeni ja vain pienimuotoisesti, on jokainen yhdistelm\u00e4 tarkkaan harkittu ja vain sellainen, josta olen valmis j\u00e4tt\u00e4m\u00e4\u00e4n jatkoa omaan kasvatukseeni. En kuitenkaan pysty j\u00e4tt\u00e4m\u00e4\u00e4n jokaisesta pentueesta pentua kotiin kasvamaan, koska haluan pit\u00e4\u00e4 kotona olevan koiram\u00e4\u00e4r\u00e4n pienen\u00e4. Sijoitan siksi silloin t\u00e4ll\u00f6in lupaavia narttuja tai narttupentuja sopiville sijoitushaltijoille eri puolille pohjoista Suomea.<\/p>\n<p>U-pentueen emo, <strong>Minitiimin Quizz Show<\/strong> (om. Tarja Nevalainen), Y-pentueen emo, <strong>Minitiimin Updated Quizz<\/strong> (om. Anna Yliaska), E-pentueen emo, <strong>Minitiimin Who&#8217;s Got The Bling<\/strong> (om. Tiina ja Juha Karjalainen) ja A-pentueen emo, <strong>Minitiimin<\/strong> <strong>Angel In Disguise<\/strong> (om. Auli N\u00e4si), <strong>Minitiimin Aim For Fame<\/strong> (om. Jenni Anttonen) ja <strong>Minitiimin Instant Crush<\/strong> (om. Heidi Rossow) ovat entisi\u00e4 sijoituskoiriani.<\/p>\n","protected":false},"excerpt":{"rendered":"<p>Sijoituskoira on lupaava pentu, josta kasvattaja toivoo kasvatusty\u00f6lleen jatkoa. Sijoituskoira asuu sijoituskodissaan, jossa se el\u00e4\u00e4 normaalia el\u00e4m\u00e4\u00e4 aivan samalla tavalla kuin perheen muut koirat ja lemmikit. Koska pyrin kasvattamaan shelttej\u00e4 omaan tarpeeseeni ja vain pienimuotoisesti, on jokainen yhdistelm\u00e4 tarkkaan harkittu ja vain sellainen, josta olen valmis j\u00e4tt\u00e4m\u00e4\u00e4n jatkoa omaan kasvatukseeni. En kuitenkaan pysty j\u00e4tt\u00e4m\u00e4\u00e4n jokaisesta &hellip; <a href=\"https:\/\/www.minitiimi.com\/?page_id=82\" class=\"more-link\">Jatka lukemista <span class=\"screen-reader-text\">Muut | Others<\/span> <span class=\"meta-nav\">&rarr;<\/span><\/a><\/p>\n","protected":false},"author":1,"featured_media":81,"parent":21,"menu_order":12,"comment_status":"closed","ping_status":"closed","template":"","meta":[],"_links":{"self":[{"href":"https:\/\/www.minitiimi.com\/index.php?rest_route=\/wp\/v2\/pages\/82"}],"collection":[{"href":"https:\/\/www.minitiimi.com\/index.php?rest_route=\/wp\/v2\/pages"}],"about":[{"href":"https:\/\/www.minitiimi.com\/index.php?rest_route=\/wp\/v2\/types\/page"}],"author":[{"embeddable":true,"href":"https:\/\/www.minitiimi.com\/index.php?rest_route=\/wp\/v2\/users\/1"}],"replies":[{"embeddable":true,"href":"https:\/\/www.minitiimi.com\/index.php?rest_route=%2Fwp%2Fv2%2Fcomments&post=82"}],"version-history":[{"count":9,"href":"https:\/\/www.minitiimi.com\/index.php?rest_route=\/wp\/v2\/pages\/82\/revisions"}],"predecessor-version":[{"id":1068,"href":"https:\/\/www.minitiimi.com\/index.php?rest_route=\/wp\/v2\/pages\/82\/revisions\/1068"}],"up":[{"embeddable":true,"href":"https:\/\/www.minitiimi.com\/index.php?rest_route=\/wp\/v2\/pages\/21"}],"wp:featuredmedia":[{"embeddable":true,"href":"https:\/\/www.minitiimi.com\/index.php?rest_route=\/wp\/v2\/media\/81"}],"wp:attachment":[{"href":"https:\/\/www.minitiimi.com\/index.php?rest_route=%2Fwp%2Fv2%2Fmedia&parent=82"}],"curies":[{"name":"wp","href":"https:\/\/api.w.org\/{rel}","templated":true}]}}