{"id":74,"date":"2014-03-03T20:42:17","date_gmt":"2014-03-03T18:42:17","guid":{"rendered":"http:\/\/minitiimi.com\/minitiimiwp\/?page_id=74"},"modified":"2018-11-13T10:33:13","modified_gmt":"2018-11-13T08:33:13","slug":"noomi","status":"publish","type":"page","link":"https:\/\/www.minitiimi.com\/?page_id=74","title":{"rendered":"Noomi"},"content":{"rendered":"<blockquote><p>Minitiimin Closer To Glory<\/p><\/blockquote>\n<p>Noomi, Nomppa, Nompukka. Rakkaalla lapsella on monta nime\u00e4. Noomi on Nepparin tyt\u00e4r, \u00e4itins\u00e4 viimeisimm\u00e4st\u00e4 pentueesta. Ihastuin ensin pennun ulkon\u00e4k\u00f6\u00f6n &#8211; en ollut koskaan aiemmin n\u00e4hnyt meid\u00e4n pentulaatikossa niin vinosilm\u00e4ist\u00e4 pentua kuin Noomi oli. Ilme oli suorastaan tuima eik\u00e4 se her\u00e4tt\u00e4nyt juurikaan viehtymyst\u00e4 muissa &#8211; mutta min\u00e4 olin myyty. My China Girl.<\/p>\n<p>Pentu oli r\u00f6yhke\u00e4, vilkas, utelias ja syliin tunkiessaan valloittava. Sit\u00e4 se on viel\u00e4kin. Noomilla ei ole rajoja, ja rakkauttakin sille jaetaan kahmalokaupalla. Noomi on kietonut kaikki meid\u00e4n perheess\u00e4 h\u00e4nt\u00e4ns\u00e4 ymp\u00e4rille. My\u00f6nn\u00e4n, ett\u00e4 se on varsinainen lellipentu. J:een on vedonnut se seikka, ett\u00e4 Noomi ei ole koskaan tuhonnut kodistamme mit\u00e4\u00e4n. Ei kerrassaan mit\u00e4\u00e4n. Se oppi sis\u00e4siistiksikin 4 kk i\u00e4ss\u00e4. Meid\u00e4n lauman jurot urokset se saa halutessaan leikkim\u00e4\u00e4n kanssaan.<\/p>\n<p>Noomi on kooltaan hieman liian pieni n\u00e4yttelykehiin. Sill\u00e4 on siit\u00e4 huolimatta koossa serti, cacib ja lukuisia Erinomaisia tuloksia, erinomaisin arvosteluin.<\/p>\n<p>Noomi aksaa (agility) omaksi ilokseen.<\/p>\n<hr \/>\n<p><span style=\"color: #888888;\">Noomi is a bitch puppy after my Ch Minitiimin Quest For Glory and Ch Helskon Kaleva. Noomi was born in November 2012.<\/span><\/p>\n<p><span style=\"color: #888888;\">She has been shown sparingly as she is a bit too small for show rings. She has 1 x CC and 1 x CACIB from the shows so far.<br \/>\n<\/span><\/p>\n<hr \/>\n<blockquote><p>Noomi p\u00e4hkin\u00e4nkuoressa | Noomi in a Nutshell<\/p><\/blockquote>\n<p>Soopelivalkoinen narttu | <span style=\"color: #999999;\">Sable and white female<\/span><br \/>\nSyntynyt 2.11.2012 | <span style=\"color: #999999;\">Born 2nd November 2012<\/span><\/p>\n<p><strong>Silm\u00e4t:<\/strong> CEA-vapaa pentuna ja aikuisena, PRA-vapaa<br \/>\nOptigen CEA\/CH Normal (09\/2017)<br \/>\n<span style=\"color: #999999;\"><strong>Eyes:<\/strong> CEA clear, PRA clear<\/span><br \/>\n<span style=\"color: #999999;\">Optigen CEA\/CH Normal (09\/2017)<br \/>\n<\/span><\/p>\n<p><strong>Lonkat:<\/strong> B\/B | <span style=\"color: #999999;\"><strong>HD:<\/strong> B\/B<\/span><br \/>\n<strong>Kyyn\u00e4r\u00e4t:<\/strong> 0\/0 |<span style=\"color: #999999;\"><strong> ED:<\/strong> 0\/0<\/span><br \/>\n<strong>Polvet:<\/strong> 0\/0 | <span style=\"color: #999999;\"><strong>Patellas:<\/strong> 0\/0<\/span><br \/>\n<strong>Syd\u00e4nkuuntelu:<\/strong> ei sivu\u00e4\u00e4ni\u00e4 | <span style=\"color: #999999;\"><strong>Heart:<\/strong> no heart symptoms<br \/>\n<\/span><\/p>\n<ul>\n<li>Kaikki hampaat | <span style=\"color: #999999;\">Full dentition<\/span><\/li>\n<li>Leikkaava purenta | <span style=\"color: #999999;\">Scissors bite<\/span><\/li>\n<li>Koko 33 cm | <span style=\"color: #999999;\">Size 33 cm<\/span><\/li>\n<\/ul>\n<hr \/>\n<p><strong>N\u00e4yttelytuloksia | <span style=\"color: #999999;\">Show results<\/span><\/strong><\/p>\n<ul>\n<li>1 x SERT <span style=\"color: #999999;\">|<\/span> <span style=\"color: #999999;\">1 x CC<\/span><\/li>\n<li>1 x VARA-SERT <span style=\"color: #999999;\">| 1 x RES-CC<\/span><\/li>\n<li>1 x CACIB <span style=\"color: #999999;\">| 1 x CACIB<\/span><\/li>\n<\/ul>\n<hr \/>\n<p><strong>Noomin j\u00e4lkel\u00e4isi\u00e4 | <span style=\"color: #999999;\">Noomi&#8217;s offspring<\/span><\/strong><br \/>\nurokset+nartut | <span style=\"color: #999999;\">males+females<\/span><\/p>\n<ol>\n<li><strong>I-pentue \/ <span style=\"color: #999999;\">litter<\/span><\/strong>, 13.04.2016, 1+2<\/li>\n<li><strong>N-pentue<\/strong> <strong>\/<\/strong> <strong><span style=\"color: #999999;\">litter<\/span><\/strong>, 10.3.2018, 0+1<\/li>\n<\/ol>\n<hr \/>\n<p><b>Valioj\u00e4lkel\u00e4iset | <span style=\"color: #999999;\">Champion Offspring<br \/>\n<\/span><\/b><\/p>\n<p><span style=\"color: #000000;\">FI Ch Minitiimin I Do I Do I Do<\/span><\/p>\n","protected":false},"excerpt":{"rendered":"<p>Minitiimin Closer To Glory Noomi, Nomppa, Nompukka. Rakkaalla lapsella on monta nime\u00e4. Noomi on Nepparin tyt\u00e4r, \u00e4itins\u00e4 viimeisimm\u00e4st\u00e4 pentueesta. Ihastuin ensin pennun ulkon\u00e4k\u00f6\u00f6n &#8211; en ollut koskaan aiemmin n\u00e4hnyt meid\u00e4n pentulaatikossa niin vinosilm\u00e4ist\u00e4 pentua kuin Noomi oli. Ilme oli suorastaan tuima eik\u00e4 se her\u00e4tt\u00e4nyt juurikaan viehtymyst\u00e4 muissa &#8211; mutta min\u00e4 olin myyty. My China Girl. &hellip; <a href=\"https:\/\/www.minitiimi.com\/?page_id=74\" class=\"more-link\">Jatka lukemista <span class=\"screen-reader-text\">Noomi<\/span> <span class=\"meta-nav\">&rarr;<\/span><\/a><\/p>\n","protected":false},"author":1,"featured_media":76,"parent":21,"menu_order":5,"comment_status":"closed","ping_status":"closed","template":"","meta":[],"_links":{"self":[{"href":"https:\/\/www.minitiimi.com\/index.php?rest_route=\/wp\/v2\/pages\/74"}],"collection":[{"href":"https:\/\/www.minitiimi.com\/index.php?rest_route=\/wp\/v2\/pages"}],"about":[{"href":"https:\/\/www.minitiimi.com\/index.php?rest_route=\/wp\/v2\/types\/page"}],"author":[{"embeddable":true,"href":"https:\/\/www.minitiimi.com\/index.php?rest_route=\/wp\/v2\/users\/1"}],"replies":[{"embeddable":true,"href":"https:\/\/www.minitiimi.com\/index.php?rest_route=%2Fwp%2Fv2%2Fcomments&post=74"}],"version-history":[{"count":21,"href":"https:\/\/www.minitiimi.com\/index.php?rest_route=\/wp\/v2\/pages\/74\/revisions"}],"predecessor-version":[{"id":1016,"href":"https:\/\/www.minitiimi.com\/index.php?rest_route=\/wp\/v2\/pages\/74\/revisions\/1016"}],"up":[{"embeddable":true,"href":"https:\/\/www.minitiimi.com\/index.php?rest_route=\/wp\/v2\/pages\/21"}],"wp:featuredmedia":[{"embeddable":true,"href":"https:\/\/www.minitiimi.com\/index.php?rest_route=\/wp\/v2\/media\/76"}],"wp:attachment":[{"href":"https:\/\/www.minitiimi.com\/index.php?rest_route=%2Fwp%2Fv2%2Fmedia&parent=74"}],"curies":[{"name":"wp","href":"https:\/\/api.w.org\/{rel}","templated":true}]}}