{"id":67,"date":"2014-03-03T17:00:31","date_gmt":"2014-03-03T15:00:31","guid":{"rendered":"http:\/\/minitiimi.com\/minitiimiwp\/?page_id=67"},"modified":"2019-06-05T15:39:21","modified_gmt":"2019-06-05T12:39:21","slug":"neppari","status":"publish","type":"page","link":"https:\/\/www.minitiimi.com\/?page_id=67","title":{"rendered":"MUISTOISSA &#8211; Neppari"},"content":{"rendered":"<blockquote><p>C.I.B POHJ &amp; FI &amp; SE &amp; NO MVA<br \/>\nPOHJVV-13 HEVW-16 VV-16<br \/>\nMinitiimin Quest For Glory<\/p><\/blockquote>\n<p>Neppari on hauska ja hyvin leikkis\u00e4 tytt\u00f6nen. Jo alle 8-viikkoisena Neppari sai kutsumanimekseen &#8221;T\u00e4p\u00e4T\u00e4p\u00e4&#8221; ja &#8221;T\u00e4pi\u00e4inen&#8221;, sill\u00e4 Nepparilla on tapana ilmoittaa olemassaolostaan steppaamalla etujaloillaan. Pienist\u00e4 tassuista kuuluu vaan parkettilattiaa vasten \u00e4\u00e4ni &#8221;t\u00e4p\u00e4t\u00e4p\u00e4&#8221;&#8230;<\/p>\n<p>Neppari on shelteist\u00e4ni ainoa, joka osaa HAUKKUA turhaan! T\u00e4ll\u00e4 pienikokoisella sheltti-ladyll\u00e4 ja diivojen vara-diivalla on niin ISO EGO, ett\u00e4 se uskaltaa r\u00e4hist\u00e4 jopa kulmakunnan isoimmille koirille. Sit\u00e4 en tied\u00e4, ett\u00e4 onko se vain turhanp\u00e4iv\u00e4ist\u00e4 mahtailua&#8230;<\/p>\n<p>Neppari on j\u00e4rjestyksess\u00e4\u00e4n toinen Minitiimin valiokasvatti. Neppari valioitui 23.2.2008 Ylih\u00e4rm\u00e4n ryhm\u00e4n\u00e4yttelyss\u00e4. Samassa n\u00e4yttelyss\u00e4 Neppari otti my\u00f6s ensimm\u00e4isen ryhm\u00e4sijoituksensa.<\/p>\n<p>Ruotsin valio Nepparista tuli Pite\u00e5ssa 5.7.2009 ja Norjan, Pohjoismaiden ja Kansainv\u00e4linen muotovalio Harstadissa, Norjassa 5.10.2013 veteraani-ik\u00e4isen\u00e4, pennuntekovuosiensa j\u00e4lkeen.<\/p>\n<hr \/>\n<p><span style=\"color: #888888;\">Neppari, Ch Minitiimin Quest For Glory, started her show career with flying colours. She placed BOS in FSSC Speciality Show in 2006 under judge Julia Soltoggio, Sunland kennels, Australia. She was only 11 months old.<\/span><\/p>\n<p><span style=\"color: #888888;\">Her dam is my late Ch Helskon Olga and her sire is Multi Ch Grandgables A Showy Fellow. So she is 50% of US-blood.\u00a0Neppari is the dam of my W-litter (6th) in 2009, A-litter (8th) and C-litter (9th) in 2012. Three of her pups are CC winners.<\/span><\/p>\n<p><span style=\"color: #888888;\">She gained totally 6 CC&#8217;s under age of 2 years and 1 CC at the age of 2,5 years.\u00a0<\/span><\/p>\n<p><span style=\"color: #888888;\">Neppari placed 2nd in Sheltie of the Year 2008 (bitches) competition. She gained her Swedish Champion title 5th July 2009 in Pite\u00e5 International show under judge Brenda Banbury, UK and finished her C.I.B title in Harstad in October 2013 under judge Torbj\u00f6rn Skaar, Sweden.<br \/>\n<\/span><\/p>\n<hr \/>\n<blockquote><p>Neppari p\u00e4hkin\u00e4nkuoressa | Neppari in a Nutshell<\/p><\/blockquote>\n<p>Soopelivalkoinen narttu | <span style=\"color: #999999;\">Sable and white female<\/span><br \/>\nSyntynyt 9.9.2005 | <span style=\"color: #999999;\">Born 9th September 2005<br \/>\n<span style=\"color: #000000;\">Kuollut 12.3.2019<\/span> | DOD 12th March 2019<br \/>\n<\/span><\/p>\n<p><strong><strong>Silm\u00e4t:<\/strong> <\/strong><span style=\"color: #000000;\">CEA-vapaa, PRA-vapaa (03\/2016)<br \/>\n<\/span><span style=\"color: #000000;\">Optigen CEA\/CH Normal<\/span><strong><strong><br \/>\n<\/strong><span style=\"color: #999999;\">Eyes: <\/span><\/strong><span style=\"color: #999999;\">CEA clear, PRA clear (03\/2016), Optigen CEA\/CH Normal<\/span><\/p>\n<p><strong>Lonkat: <\/strong>A\/A<strong> | <span style=\"color: #999999;\">HD:<\/span><\/strong><span style=\"color: #999999;\"> A\/A (FCI)<br \/>\n<\/span><strong>Polvet: <\/strong>0\/0<strong> | <span style=\"color: #999999;\">Patellas:<\/span><\/strong><span style=\"color: #999999;\"> 0\/0<br \/>\n<\/span><\/p>\n<ul>\n<li>Kaikki hampaat | <span style=\"color: #999999;\">Full dentition<\/span><\/li>\n<li>Leikkaava purenta | <span style=\"color: #999999;\">Scissors bite<\/span><\/li>\n<li>Koko 35 cm | <span style=\"color: #999999;\">Size 35 cm<\/span><\/li>\n<\/ul>\n<hr \/>\n<p><strong>N\u00e4yttelytuloksia | <span style=\"color: #999999;\">Show results<\/span><\/strong><\/p>\n<ul>\n<li>3 x BIS<\/li>\n<li>9 x BIS 1 veteraani | <span style=\"color: #999999;\">9 x BIS 1 veteran<\/span><\/li>\n<li>3 x BIS 3 veteraani | <span style=\"color: #999999;\">3 x BIS 3 veteran<\/span><\/li>\n<li>2 x BIS 4 veteraani | <span style=\"color: #999999;\">2 x BIS 4 veteran<\/span><\/li>\n<li>4 x RYP-1 | <span style=\"color: #999999;\">4 x BIG-1<\/span><\/li>\n<li>1 x RYP-2 | <span style=\"color: #999999;\">1 x BIG-2<\/span><\/li>\n<li>3 x RYP-3 | <span style=\"color: #999999;\">3 x BIG-3<\/span><\/li>\n<li>1 x RYP-4 | <span style=\"color: #999999;\">1 x BIG-4<\/span><\/li>\n<li>14 x ROP | <span style=\"color: #999999;\">14 x BOB<\/span><\/li>\n<li>5 x VSP | <span style=\"color: #999999;\">5 x BOS<\/span><\/li>\n<li>5 x CACIB<\/li>\n<li>3 x VARA-CACIB | <span style=\"color: #999999;\">3 x res CACIB<\/span><\/li>\n<li>9 x SERT | <span style=\"color: #999999;\">9 x CC<\/span><\/li>\n<li>4 x VARA-SERT | <span style=\"color: #999999;\">4 x res CC<\/span><\/li>\n<li>Ykk\u00f6sruusuke 2006 | <span style=\"color: #999999;\">FSSC Show award 2006<\/span><\/li>\n<li>Suomen muotovalio 2008 | <span style=\"color: #999999;\">Finnish Champion 2008<\/span><\/li>\n<li>Ruotsin muotovalio 2009 | <span style=\"color: #999999;\">Swedish Champion 2009<\/span><\/li>\n<li>Norjan muotovalio 2013 | <span style=\"color: #999999;\">Norwegian Champion 2013<\/span><\/li>\n<li>Pohjoismaiden muotovalio 2013 | <span style=\"color: #999999;\">Nordic Champion 2013<\/span><\/li>\n<li>Kansainv\u00e4linen muotovalio 2013 |<br \/>\n<span style=\"color: #999999;\">Champion International de Beaut\u00e9 2013<\/span><\/li>\n<li>Pohjoismaiden veteraanivoittaja 2013 |<br \/>\n<span style=\"color: #999999;\">Nordic Veteran Winner 2013<\/span><\/li>\n<li>Helsinki veteraanivoittaja 2016 |<br \/>\n<span style=\"color: #999999;\">Helsinki Veteran Winner 2016<\/span><\/li>\n<li>Veteraanivoittaja 2016 |<br \/>\n<span style=\"color: #999999;\">Veteran Winner 2016<\/span><\/li>\n<li>Pohjoismaiden veteraanivoittaja 2017 |<br \/>\n<span style=\"color: #999999;\">Nordic Veteran Winner 2017<\/span><\/li>\n<li>Helsinki veteraanivoittaja 2017 |<br \/>\n<span style=\"color: #999999;\">Helsinki Veteran Winner 2017<\/span><\/li>\n<li>VSP erikoisn\u00e4yttelyss\u00e4 2006 |<br \/>\n<span style=\"color: #999999;\">Best of Opposite Sex at Sheltie Speciality 2006<\/span><\/li>\n<li>BIS veteraani erikoisn\u00e4yttelyss\u00e4 2015 |<br \/>\n<span style=\"color: #999999;\">BIS veteran at Sheltie Speciality 2015<\/span><\/li>\n<li>BIS veteraani erikoisn\u00e4yttelyss\u00e4 2016 |<br \/>\n<span style=\"color: #999999;\">BIS veteran at Sheltie Speciality 2016<\/span><\/li>\n<li>BIS veteraani erikoisn\u00e4yttelyss\u00e4 2017 |<br \/>\n<span style=\"color: #999999;\">BIS veteran at Sheltie Speciality 2017<\/span><\/li>\n<\/ul>\n<hr \/>\n<p><strong>Vuoden shelttikilpailu -tuloksia | <span style=\"color: #999999;\">FSSC Sheltie competitions<\/span><\/strong><\/p>\n<ul>\n<li>Vuoden Sheltti 2007, 6. sija | <span style=\"color: #999999;\">Sheltie of the Year 2007 6th place<\/span><\/li>\n<li>Vuoden Sheltti 2008, 2. sija | <span style=\"color: #999999;\">Sheltie of the Year 2008 2nd place<\/span><\/li>\n<li>Vuoden Veteraanisheltti 2014, 2. sija |<br \/>\n<span style=\"color: #999999;\">Veteran Sheltie of the Year 2014 2nd place<\/span><\/li>\n<li>Vuoden Veteraanisheltti 2015 | <span style=\"color: #999999;\">Veteran Sheltie of the Year 2015<\/span><\/li>\n<li>Vuoden Veteraanisheltti 2016 | <span style=\"color: #999999;\">Veteran Sheltie of the Year 2016<\/span><\/li>\n<li>Vuoden Veteraanisheltti 2017 | <span style=\"color: #999999;\">Veteran Sheltie of the Year 2017<\/span><\/li>\n<\/ul>\n<hr \/>\n<p><strong>Nepparin j\u00e4lkel\u00e4isi\u00e4 | <span style=\"color: #999999;\">Neppari&#8217;s offspring<\/span><\/strong><br \/>\nurokset+nartut | <span style=\"color: #999999;\">males+females<\/span><\/p>\n<ol>\n<li><strong>W-pentue \/ <span style=\"color: #999999;\">litter<\/span><\/strong>, 12.09.2009, 1+2<\/li>\n<li><strong>A-pentue \/ <span style=\"color: #999999;\">litter<\/span><\/strong>, 24.02.2012, 0+3<\/li>\n<li><strong>C-pentue \/ <span style=\"color: #999999;\">litter<\/span><\/strong>, 02.11.2012, 1+2<\/li>\n<\/ol>\n<hr \/>\n<p><strong>Sertifikaattivoittajat | <span style=\"color: #999999;\">CC winners<\/span><\/strong><\/p>\n<p>Minitiimin Whole Lotta Voltage, 1 x SERT | <span style=\"color: #999999;\">1 x CC<\/span><br \/>\nMinitiimin Who&#8217;s Got The Bling, 1 x SERT | <span style=\"color: #999999;\">1 x CC<\/span><br \/>\nMinitiimin Closer To Glory, 1 x SERT | <span style=\"color: #999999;\">1 x CC<br \/>\n<\/span>Minitiimin Angel In Disguise, 1 x VARA-SERT |<span style=\"color: #999999;\"> 1 x res CC<br \/>\n<\/span><\/p>\n<p><strong>ERI:ll\u00e4 palkitut | <span style=\"color: #999999;\">Awarded with Excellent<\/span><\/strong><\/p>\n<p>Minitiimin Aim For Fame<br \/>\nMinitiimin Cute Overloaded<\/p>\n","protected":false},"excerpt":{"rendered":"<p>C.I.B POHJ &amp; FI &amp; SE &amp; NO MVA POHJVV-13 HEVW-16 VV-16 Minitiimin Quest For Glory Neppari on hauska ja hyvin leikkis\u00e4 tytt\u00f6nen. Jo alle 8-viikkoisena Neppari sai kutsumanimekseen &#8221;T\u00e4p\u00e4T\u00e4p\u00e4&#8221; ja &#8221;T\u00e4pi\u00e4inen&#8221;, sill\u00e4 Nepparilla on tapana ilmoittaa olemassaolostaan steppaamalla etujaloillaan. Pienist\u00e4 tassuista kuuluu vaan parkettilattiaa vasten \u00e4\u00e4ni &#8221;t\u00e4p\u00e4t\u00e4p\u00e4&#8221;&#8230; Neppari on shelteist\u00e4ni ainoa, joka osaa HAUKKUA &hellip; <a href=\"https:\/\/www.minitiimi.com\/?page_id=67\" class=\"more-link\">Jatka lukemista <span class=\"screen-reader-text\">MUISTOISSA &#8211; Neppari<\/span> <span class=\"meta-nav\">&rarr;<\/span><\/a><\/p>\n","protected":false},"author":1,"featured_media":875,"parent":207,"menu_order":4,"comment_status":"closed","ping_status":"closed","template":"","meta":[],"_links":{"self":[{"href":"https:\/\/www.minitiimi.com\/index.php?rest_route=\/wp\/v2\/pages\/67"}],"collection":[{"href":"https:\/\/www.minitiimi.com\/index.php?rest_route=\/wp\/v2\/pages"}],"about":[{"href":"https:\/\/www.minitiimi.com\/index.php?rest_route=\/wp\/v2\/types\/page"}],"author":[{"embeddable":true,"href":"https:\/\/www.minitiimi.com\/index.php?rest_route=\/wp\/v2\/users\/1"}],"replies":[{"embeddable":true,"href":"https:\/\/www.minitiimi.com\/index.php?rest_route=%2Fwp%2Fv2%2Fcomments&post=67"}],"version-history":[{"count":36,"href":"https:\/\/www.minitiimi.com\/index.php?rest_route=\/wp\/v2\/pages\/67\/revisions"}],"predecessor-version":[{"id":1057,"href":"https:\/\/www.minitiimi.com\/index.php?rest_route=\/wp\/v2\/pages\/67\/revisions\/1057"}],"up":[{"embeddable":true,"href":"https:\/\/www.minitiimi.com\/index.php?rest_route=\/wp\/v2\/pages\/207"}],"wp:featuredmedia":[{"embeddable":true,"href":"https:\/\/www.minitiimi.com\/index.php?rest_route=\/wp\/v2\/media\/875"}],"wp:attachment":[{"href":"https:\/\/www.minitiimi.com\/index.php?rest_route=%2Fwp%2Fv2%2Fmedia&parent=67"}],"curies":[{"name":"wp","href":"https:\/\/api.w.org\/{rel}","templated":true}]}}