{"id":53,"date":"2014-03-03T14:40:56","date_gmt":"2014-03-03T12:40:56","guid":{"rendered":"http:\/\/minitiimi.com\/minitiimiwp\/?page_id=53"},"modified":"2022-03-17T08:23:41","modified_gmt":"2022-03-17T06:23:41","slug":"ranger","status":"publish","type":"page","link":"https:\/\/www.minitiimi.com\/?page_id=53","title":{"rendered":"Ranger"},"content":{"rendered":"<blockquote><p>FI MVA Sunland Secrets N Lies<\/p><\/blockquote>\n<p>Sunland Secrets N Lies eli Ranger (Valto) lensi Suomeen lokakuun 22. p\u00e4iv\u00e4 2008 Australiasta, aurinkoisesta Perthist\u00e4, melkein tarkalleen 7 kk ik\u00e4isen\u00e4. Virallisen nimens\u00e4 trikkipoika sai jo kev\u00e4\u00e4ll\u00e4 minulta, onhan &#8221;pentuprojekti&#8221; ollut enemm\u00e4n tai v\u00e4hemm\u00e4n t\u00e4ynn\u00e4 salaisuuksia, kun tietoa sen Suomeen tulemisesta on yritetty pimitt\u00e4\u00e4 jopa valkoisilla valheilla&#8230;<\/p>\n<p>P\u00e4\u00e4sin seuraamaan pojankoltiaisen el\u00e4m\u00e4\u00e4 sen syntym\u00e4st\u00e4 saakka valokuvin ja videoin. Samalla n\u00e4in my\u00f6s sen sisaruksia, sill\u00e4 8 pennun pentueesta Sunlandille j\u00e4i Rangerin lis\u00e4ksi kasvamaan soopeliuros Cody sek\u00e4 trikkinarttu Mirra.<\/p>\n<p>Rangerin takaa l\u00f6ytyy pitk\u00e4n linjan shelttikasvatusta australialaisilla koirilla. Sen suvussa ei ole jenkkiverta ja ensimm\u00e4iset brititkin l\u00f6ytyv\u00e4t vasta 5. polvesta. Ensimm\u00e4inen tunnettu PRA-kantaja sukutaulusta l\u00f6ytyy 8. polvesta (Jefsfire Freelancer).<\/p>\n<p>Rangerin is\u00e4 on kaunis Ch Tiakina Tailord By Armani, joka asustaa Mrs Carol Watsonin luona Tiakina-kenneliss\u00e4 ja em\u00e4 on Suen oma kasvatti Sunland Secret Love eli Tess. Rangerin is\u00e4 Armani on linjattu yhteen tunnetuimmista australialaisista trikkiuroksista, Ch Aanara Knight Moveen (ROMA), jolla on 17 valioj\u00e4lkel\u00e4ist\u00e4 Australiassa. My\u00f6s Ranger on linjattu ko. urokseen.<\/p>\n<p>Armanin em\u00e4 Ch Koniseur Klaudia Schiffer on australian Sheltie Nationalin (erkkari) voittaja vuodelta 2003 (tuomari Debbie Pearson, Edglonian kennel) ja is\u00e4 on Ch Harradei Express Delivery, joka on j\u00e4tt\u00e4nyt kaunista j\u00e4lke\u00e4 Tiakina-kenneliin Armanin lis\u00e4ksi.<\/p>\n<p>Tessin is\u00e4 on Australian Grand Champion Sunland Millennium Man eli Arnie, joka on kaksinkertainen Shetland Sheepdog Club Of Western Australia Champ Shown Best In Show. My\u00f6s Suen ensimm\u00e4inen valiokasvatti Ch Sunland Snuggle Pot (ROMA, 10 valioj\u00e4lkel\u00e4ist\u00e4) l\u00f6ytyy sukutaulusta. Trent on moninkertainen Best In Show -voittaja sek\u00e4 Australian Sheltie Nationalin (erkkari) Best In Show vuodelta 1990.<\/p>\n<p>Arnien takaa l\u00f6ytyv\u00e4t my\u00f6s ROMA-tittelill\u00e4 palkitut ja suomalaisissakin sukutauluissa vilahtavat Ch Nigma Nobel (22 valioj\u00e4lkel\u00e4ist\u00e4) ja Ch Daestar Dannaher (48 valioj\u00e4lkel\u00e4ist\u00e4).<\/p>\n<p>Tessin em\u00e4 taas on Susanin omistama Shelsian Chasin Shadows eli Cassie. Cassien taustalta l\u00f6ytyy sukutaulusta mm. Gr Ch Brashelle Back Chat ja Ch Daydream Darien (ROMA, 15 valioj\u00e4lkel\u00e4ist\u00e4).<\/p>\n<p>Ranger k\u00e4vi Australiassa muutamissa n\u00e4yttelyiss\u00e4 pikkupentuluokissa. Suurin menestys tuli elokuun loppupuolella 2008 Shetland Sheepdog Club Of Western Australian (SSCofWA) Champ Showssa, jossa Ranger voitti oman luokkansa ja oli n\u00e4yttelyn paras pikkupentu. Champ Shown tuomaroi Beauideal kennelin Veronica Royston.<\/p>\n<p>Ei saatavilla jalostukseen.<\/p>\n<hr \/>\n<p><span style=\"color: #888888;\">A tricolour male Ch Sunland Secrets N Lies &#8221;Ranger&#8221; arrived in October 2008 from Australia, Perth at the age of 7 months. His sire is Ch Tiakina Tailord By Armani and his dam is Sunland Secret Love.<\/span><\/p>\n<p><span style=\"color: #888888;\">I&#8217;m extremely grateful that Mrs Susan Van Dinter allowed me to have this promising boy to be a valuable asset to my future breeding plans.\u00a0<\/span><\/p>\n<p><span style=\"color: #888888;\">He has been used sparingly at stud only for approved bitches and he has 16 litters in Finland and 3 in Sweden (total 51 offspring in Finland and 12 in Sweden ).<br \/>\n<\/span><\/p>\n<p><span style=\"color: #888888;\">Ranger finished his Finnish Champion title 4th April 2010 in Lappeenranta all breeds national show under the true sheltie specialist, judge P\u00e4ivi Eerola, Doing shelties, Finland.<\/span><\/p>\n<hr \/>\n<blockquote><p>Ranger p\u00e4hkin\u00e4nkuoressa | Ranger in a Nutshell<\/p><\/blockquote>\n<p>Tricolour uros | <span style=\"color: #888888;\">Tricolour male<\/span><br \/>\nSyntynyt 23.3.2008 | <span style=\"color: #888888;\">Born 23rd March 2008<\/span><br \/>\n<b>Silm\u00e4t:<\/b> CEA-vapaa, PRA-vapaa (05\/2019), yksi ylim. ripsi |<br \/>\n<span style=\"color: #888888;\"><b>Eyes:<\/b> CEA clear carrier, PRA clear (05\/2019), disticiahis (1 pc)<b><br \/>\n<\/b><\/span><\/p>\n<p><b>Lonkat:<\/b> A\/A | <span style=\"color: #888888;\"><b>HD:<\/b> A\/A (FCI)<\/span><br \/>\n<b>Kyyn\u00e4r\u00e4t:<\/b> 0\/0 | <span style=\"color: #888888;\"><b>ED:<\/b> 0\/0 (FCI)<\/span><br \/>\n<b>Polvet:<\/b> 0\/0 | <span style=\"color: #888888;\"><b>Patellas:<\/b> 0\/0<\/span><br \/>\nS<b>yd\u00e4men kuuntelutulos:<\/b> ei sivu\u00e4\u00e4ni\u00e4 (09\/2009) |<br \/>\n<span style=\"color: #888888;\"><b>Heart:<\/b> no heart symptoms (09\/2009)<\/span><br \/>\n<b>TgAA:<\/b> Negatiivinen | <span style=\"color: #888888;\"><b>TgAA:<\/b> Negative<\/span><\/p>\n<ul>\n<li>Kaikki hampaat |<span style=\"color: #888888;\"> Full dentition<\/span><\/li>\n<li>Leikkaava purenta | <span style=\"color: #888888;\">Scissors bite<\/span><\/li>\n<li>Koko 39 cm | <span style=\"color: #888888;\">Size 39 cm<\/span><\/li>\n<li>Molemmat kivekset alle 7-viikkoisena |<br \/>\n<span style=\"color: #888888;\">Both testies under the age of 7 weeks<\/span><\/li>\n<li>Jalostustarkastettu 09\/2010 | <span style=\"color: #888888;\">Breed survey 09\/2010<\/span><\/li>\n<\/ul>\n<p><span style=\"color: #999999;\">Not available for stud.<br \/>\n<\/span><\/p>\n<hr \/>\n<p><strong>N\u00e4yttelytuloksia | <span style=\"color: #888888;\">Show results<\/span><\/strong><\/p>\n<ul>\n<li>1 x RYP-3 | <span style=\"color: #888888;\">1 x BIG-3<\/span><\/li>\n<li>1 x ROP | <span style=\"color: #888888;\">1 x BOB<\/span><\/li>\n<li>2 x VSP | <span style=\"color: #888888;\">2 x BOS<\/span><\/li>\n<li>3 x SERT | <span style=\"color: #888888;\">3 x CC<\/span><\/li>\n<li>2 x CACIB<\/li>\n<li>3 x VARA-SERT | <span style=\"color: #888888;\">3 x res CC<\/span><\/li>\n<li>3 x VARA-CACIB | <span style=\"color: #888888;\">3 x res CACIB<\/span><\/li>\n<li>Ykk\u00f6sruusuke 2010 | <span style=\"color: #888888;\">FSSC Show Award 2010<\/span><\/li>\n<li>Suomen muotovalio 2010 |<span style=\"color: #888888;\"> Finnish Champion 2010<\/span><\/li>\n<\/ul>\n<hr \/>\n<p><strong>Vuoden shelttikilpailu -tuloksia | <span style=\"color: #888888;\">FSSC Sheltie competitions<\/span><\/strong><\/p>\n<ul>\n<li>Vuoden Sheltti 2012 -kisan 10. sija |<br \/>\n<span style=\"color: #888888;\">Sheltie of the Year 2012 10th place<\/span><\/li>\n<li>Vuoden jalostusuros 2012 -kisan 5. sija |<br \/>\n<span style=\"color: #888888;\">Stud Dog of the Year 2012 5th place<\/span><\/li>\n<\/ul>\n<hr \/>\n<p><strong>Rangerin j\u00e4lkel\u00e4isi\u00e4 | <span style=\"color: #888888;\">Ranger&#8217;s offspring<\/span><\/strong><br \/>\nurokset+nartut | <span style=\"color: #888888;\">males+females<\/span><\/p>\n<ol>\n<li><b>Minitiimin kennel<\/b>, kasvattaja \/ breeder Miina Lukkari<br \/>\n12.9.2009, 1+2<\/li>\n<li><b>Bumtsi Bum kennel<\/b>,\u00a0kasvattaja \/ breeder Anne Tuominen<br \/>\n2.1.2010, 1+3, <a title=\"Bumtsi www\" href=\"http:\/\/www.bumtsi.net\/\" target=\"_blank\" rel=\"noopener noreferrer\">web<\/a><\/li>\n<li><b>Shadeland kennel<\/b>,\u00a0kasvattaja \/ breeder Katja Vierimaa<br \/>\n8.3.2010, 2+2, <a title=\"Shadeland www\" href=\"http:\/\/www.elisanet.fi\/shadeland\/\" target=\"_blank\" rel=\"noopener noreferrer\">web<\/a><\/li>\n<li><b>Onnenpisaran kennel<\/b>,\u00a0kasvattaja \/ breeder Sirkku Heli\u00e4virta<br \/>\n9.6.2010, 1+0, <a title=\"Onnenpisaran www\" href=\"http:\/\/www.onnenpisaran.fi\/\" target=\"_blank\" rel=\"noopener noreferrer\">web<\/a><\/li>\n<li><b>Littleshets kennel<\/b>,\u00a0kasvattaja \/ breeder Sirpa Kananen<br \/>\n7.8.2010, 0+3, <a title=\"Littleshet's www\" href=\"http:\/\/littleshets.blogspot.fi\/\" target=\"_blank\" rel=\"noopener noreferrer\">web<\/a><\/li>\n<li><b>Birasin kennel<\/b>,\u00a0kasvattaja \/ breeder Sari Mikkil\u00e4<br \/>\n17.3.2011, 2+0<\/li>\n<li><b>Deep Illusion&#8217;s kennel<\/b>,\u00a0kasvattaja \/ breeder Satu V\u00e4liheikki<br \/>\n27.3.2011, 0+1<\/li>\n<li><b>Sleepless kennel<\/b>,\u00a0kasvattaja \/ breeder Pia Lumme<br \/>\n3.6.2011, 2+1, <a title=\"Sleepless www\" href=\"http:\/\/www.netikka.net\/sleepless\/\" target=\"_blank\" rel=\"noopener noreferrer\">web<\/a><\/li>\n<li><b>Jeonan kennel<\/b>,\u00a0kasvattaja \/ breeder Heidi Viita<br \/>\n6.8.2011, 4+0, <a title=\"Jeonan www\" href=\"http:\/\/www.jeonan.com\/\" target=\"_blank\" rel=\"noopener noreferrer\">web<\/a><\/li>\n<li><b>Khimairan kennel<\/b>,\u00a0kasvattaja \/ breeder Marja Soininen &amp; Maiju Immonen, 15.12.2011, 3+1, <a title=\"Khimairan www\" href=\"http:\/\/www.kennelkhimairan.com\/\" target=\"_blank\" rel=\"noopener noreferrer\">web<\/a><\/li>\n<li><b>Dreamlook kennel<\/b>,\u00a0kasvattaja \/ breeder Susanna Riekkinen<br \/>\n12.11.2012, 1+3, <a title=\"Dreamlook www\" href=\"http:\/\/www.kenneldreamlook.net\/\" target=\"_blank\" rel=\"noopener noreferrer\">web<\/a><\/li>\n<li><b>M\u00e4nnynk\u00e4vyn kennel<\/b>,\u00a0kasvattaja \/ breeder Auli N\u00e4si &amp; Esko Uusitalo, 27.7.2013, 3+0, <a title=\"M\u00e4nnynk\u00e4vyn www\" href=\"http:\/\/www.mannynkavyn.fi\/\" target=\"_blank\" rel=\"noopener noreferrer\">web<\/a><\/li>\n<li><b>Deep Illusion\u2019s kennel<\/b>,\u00a0kasvattaja \/ breeder Satu V\u00e4liheikki<br \/>\n26.6.2014, 2+4<\/li>\n<li><b>Whirling&#8217;s kennel<\/b>,\u00a0kasvattaja \/ breeder Ella Saarenp\u00e4\u00e4<br \/>\n27.7.2014, 1+3, <a title=\"facebook\" href=\"https:\/\/www.facebook.com\/Whirlings\" target=\"_blank\" rel=\"noopener noreferrer\">facebook<\/a><\/li>\n<li><b>M\u00e4nnynk\u00e4vyn kennel<\/b>,\u00a0kasvattaja \/ breeder Auli N\u00e4si &amp; Esko Uusitalo, 19.4.2015, 0+2, <a title=\"M\u00e4nnynk\u00e4vyn www\" href=\"http:\/\/www.mannynkavyn.fi\/\" target=\"_blank\" rel=\"noopener noreferrer\">web<\/a><\/li>\n<li><strong>Minitiimin kennel<\/strong>, kasvattaja\/breeder Miina Lukkari<br \/>\n13.4.2016, 1+2<\/li>\n<li><strong>Black Classiel&#8217;s kennel<\/strong>, kasvattaja\/breeder Sanna Schroderus<br \/>\n21.3.2018, 3+0, <a href=\"https:\/\/www.facebook.com\/blackclassiels\/\" target=\"_blank\" rel=\"noopener noreferrer\">facebook<\/a><\/li>\n<li><strong>Minitiimin kennel<\/strong>, kasvattaja\/breeder Miina Lukkari<br \/>\n24.2.2018, 3+1<\/li>\n<li><strong>Silimen kennel<\/strong>, kasvattaja\/breeder Sirkka-Liisa Metso<br \/>\n24.2.2019, 1+0<\/li>\n<li><strong>Dreamlook kennel<\/strong>, kasvattaja\/breeder Susanna Riekkinen<br \/>\n12.5.2019, 4+0<\/li>\n<\/ol>\n<p><b>Rangerin j\u00e4lkel\u00e4iset ulkomailla | <span style=\"color: #888888;\">Ranger&#8217;s offspring abroad<\/span><\/b><\/p>\n<ol>\n<li><b>Request kennel<\/b>,\u00a0kasvattaja \/ breeder Lillemor Engebro<br \/>\n22.4.2010, 5+0, <a title=\"Request www\" href=\"http:\/\/www.kennelrequest.se\/\" target=\"_blank\" rel=\"noopener noreferrer\">web<\/a><\/li>\n<li><b>Request kennel<\/b>, breeder \/ kasvattaja Lillemor Engebro<br \/>\n17.7.2011, 3+0<\/li>\n<li><b>Request kennel<\/b>, breeder \/ kasvattaja Lillemor Engebro<br \/>\n20.2.2012, 3+1<\/li>\n<\/ol>\n<hr \/>\n<p><b>Valioj\u00e4lkel\u00e4iset | <span style=\"color: #999999;\">Champion offspring<\/span><br \/>\n<\/b><\/p>\n<p>FI Ch Minitiimin I Do I Do I Do<\/p>\n<p>Ag Ch Ag-J Ch Jeonan Bad Loser<br \/>\nAg Ch Khimairan Blue Tangle Of Lies<b><br \/>\n<\/b><\/p>\n<p><b>Sertifikaattivoittajat | <span style=\"color: #888888;\">CC winners<\/span><\/b><\/p>\n<p>Minitiimin Whole Lotta Voltage, 1 x SERT \/ <span style=\"color: #888888;\">1 x CC<\/span><br \/>\nMinitiimin Who&#8217;s Got The Bling, 1 x SERT | <span style=\"color: #888888;\">1 x CC<\/span><br \/>\nBumtsi Bum Quick Step Harebell, 1 x SERT | <span style=\"color: #888888;\">1 x CC<\/span><br \/>\nShadeland Kiss Seals My Secret, 1 x SERT | <span style=\"color: #888888;\">1 x CC<\/span><br \/>\n<span style=\"color: #888888;\"><span style=\"color: #333333;\">M\u00e4nnynk\u00e4vyn White Lies, 1 x SERT<\/span> | <span style=\"color: #888888;\">1 x CC<\/span><\/span><br \/>\nShadeland Kiss Before The Dawn, 1 x SERT | <span style=\"color: #888888;\">1 x CC<\/span><br \/>\nM\u00e4nnynk\u00e4vyn Tell Me A Lie, 1 x VARA-SERT | <span style=\"color: #888888;\">1 x res CC<br \/>\n<\/span><\/p>\n<p><b>ERI:ll\u00e4 palkitut | <span style=\"color: #888888;\">Awarded with Excellent<\/span><\/b><\/p>\n<p>Bumtsi Bum Quite Like Bluebell<br \/>\nShadeland Kind Of A White Lie<br \/>\nShadeland King Of All Dreams<br \/>\nRequest Secret Star<br \/>\nLittleshet&#8217;s Sign Of The Nightsky<br \/>\nLittleshet&#8217;s Sigh Of Hope<br \/>\nDeep Illusion&#8217;s My Merle Mohican<br \/>\nJeonan Best Secret<br \/>\nJeonan Black Son Shines<br \/>\nJeonan Bad Loser<br \/>\nKhimairan Behind Blue Eyes<br \/>\nDreamlook Jazzy Image<br \/>\nDreamlook Jolly Hooligan<br \/>\nDreamlook Joyful Jewel<br \/>\nDeep Illusion&#8217;s Narani Nhuca<br \/>\nWhirling&#8217;s Finders Keepers<br \/>\nWhirling&#8217;s First Things First<br \/>\nWhirling&#8217;s Fuel To The Flames<br \/>\nM\u00e4nnynk\u00e4vyn Quizz Me Quick<br \/>\nMinitiimin Kidnap My Heart<br \/>\nSilimen Hertta\u00e4ss\u00e4<\/p>\n","protected":false},"excerpt":{"rendered":"<p>FI MVA Sunland Secrets N Lies Sunland Secrets N Lies eli Ranger (Valto) lensi Suomeen lokakuun 22. p\u00e4iv\u00e4 2008 Australiasta, aurinkoisesta Perthist\u00e4, melkein tarkalleen 7 kk ik\u00e4isen\u00e4. Virallisen nimens\u00e4 trikkipoika sai jo kev\u00e4\u00e4ll\u00e4 minulta, onhan &#8221;pentuprojekti&#8221; ollut enemm\u00e4n tai v\u00e4hemm\u00e4n t\u00e4ynn\u00e4 salaisuuksia, kun tietoa sen Suomeen tulemisesta on yritetty pimitt\u00e4\u00e4 jopa valkoisilla valheilla&#8230; P\u00e4\u00e4sin seuraamaan &hellip; <a href=\"https:\/\/www.minitiimi.com\/?page_id=53\" class=\"more-link\">Jatka lukemista <span class=\"screen-reader-text\">Ranger<\/span> <span class=\"meta-nav\">&rarr;<\/span><\/a><\/p>\n","protected":false},"author":1,"featured_media":718,"parent":21,"menu_order":2,"comment_status":"closed","ping_status":"closed","template":"","meta":[],"_links":{"self":[{"href":"https:\/\/www.minitiimi.com\/index.php?rest_route=\/wp\/v2\/pages\/53"}],"collection":[{"href":"https:\/\/www.minitiimi.com\/index.php?rest_route=\/wp\/v2\/pages"}],"about":[{"href":"https:\/\/www.minitiimi.com\/index.php?rest_route=\/wp\/v2\/types\/page"}],"author":[{"embeddable":true,"href":"https:\/\/www.minitiimi.com\/index.php?rest_route=\/wp\/v2\/users\/1"}],"replies":[{"embeddable":true,"href":"https:\/\/www.minitiimi.com\/index.php?rest_route=%2Fwp%2Fv2%2Fcomments&post=53"}],"version-history":[{"count":37,"href":"https:\/\/www.minitiimi.com\/index.php?rest_route=\/wp\/v2\/pages\/53\/revisions"}],"predecessor-version":[{"id":1127,"href":"https:\/\/www.minitiimi.com\/index.php?rest_route=\/wp\/v2\/pages\/53\/revisions\/1127"}],"up":[{"embeddable":true,"href":"https:\/\/www.minitiimi.com\/index.php?rest_route=\/wp\/v2\/pages\/21"}],"wp:featuredmedia":[{"embeddable":true,"href":"https:\/\/www.minitiimi.com\/index.php?rest_route=\/wp\/v2\/media\/718"}],"wp:attachment":[{"href":"https:\/\/www.minitiimi.com\/index.php?rest_route=%2Fwp%2Fv2%2Fmedia&parent=53"}],"curies":[{"name":"wp","href":"https:\/\/api.w.org\/{rel}","templated":true}]}}