{"id":38,"date":"2014-03-03T13:48:36","date_gmt":"2014-03-03T11:48:36","guid":{"rendered":"http:\/\/minitiimi.com\/minitiimiwp\/?page_id=38"},"modified":"2021-05-16T20:51:22","modified_gmt":"2021-05-16T17:51:22","slug":"nacho","status":"publish","type":"page","link":"https:\/\/www.minitiimi.com\/?page_id=38","title":{"rendered":"Nacho"},"content":{"rendered":"<blockquote><p>C.I.B POHJ &amp; FI &amp; SE &amp; NO MVA HEW-13 POHJV-13 V-13 HEW-15 Minitiimin Unique Like Me<\/p><\/blockquote>\n<p>Naksu on luonteeltaan avoin ja rohkea. Tyhm\u00e4nrohkeutta Naksulta l\u00f6ytyy v\u00e4h\u00e4n liikaakin. Ihan ilman syytt\u00e4 ei sit\u00e4 kutsuta kotioloissa Sy\u00f6ksy-S\u00e4mpyl\u00e4ksi. Joka p\u00e4iv\u00e4 joudun katselemaan syd\u00e4n kurkussa sen toilailuja. Hyv\u00e4\u00e4 tuuria ja Mr Murphy\u00e4 uhmaten t\u00e4m\u00e4 koira sy\u00f6ksyy el\u00e4m\u00e4\u00e4n h\u00e4nt\u00e4 viuhuen. Naksu on kuitenkin \u00e4rsytt\u00e4vyydess\u00e4\u00e4n \u00e4\u00e4rimm\u00e4isen rakastettava &#8211; kun pusumoottori l\u00e4htee k\u00e4yntiin, Naksulle ei voi olla edes pikkuisen vihainen, ei edes pikkuriikkisen&#8230;<\/p>\n<p>Naksu on kolmas Suomen muotovalio, jonka nimest\u00e4 l\u00f6ytyy Minitiimin -etuliite. Naksu valioitui heti ensimm\u00e4isess\u00e4 avoimen luokan n\u00e4yttelyss\u00e4\u00e4n Lahden KV-n\u00e4yttelyss\u00e4 24.04.2010, vain 10 p\u00e4iv\u00e4\u00e4 2-vuotissyntt\u00e4reist\u00e4\u00e4n.<\/p>\n<p>Ruotsin valio Naksusta tuli G\u00e4llivaaran kv-n\u00e4yttelyss\u00e4 11.7.2010. Norjan, ja samalla Pohjoismaiden muotovalio Naksusta leivottiin Tromssan kv-n\u00e4yttelyss\u00e4 17.10.2010. Hupsista, nelj\u00e4 valiotitteli\u00e4 alle puolen vuoden sis\u00e4ll\u00e4 ;D<\/p>\n<p>Kansainv\u00e4lisen muotovalion arvoon oikeuttavan cacibin Naksu sai Tromssan n\u00e4yttelyst\u00e4 2.9.2012. C.I.B titteli vahvistettiin FCIss\u00e4 7.11.2012. Vuonna 2013 Naksu teki rodun historiaa nappaamalla joulukuisen Messari-viikonlopun aikana kolme jaossa ollutta Voittaja-titteli\u00e4 &#8211; Helsinki Winner, Pohjoismaiden Voittaja ja Voittaja -tittelit. Naksu voitti 2013 my\u00f6s rotuyhdistyksemme Vuoden urossheltti -kilpailun.<\/p>\n<p>Naksu palkittiin Helsinki Winner 2015 -tittelill\u00e4 Messukeskuksen n\u00e4yttelyss\u00e4 5.12.2015.<\/p>\n<p>Naksu on harrastanut aksaa (agility) omaksi ja omistajansa mielenvirkistykseksi sen verran, ett\u00e4 taidoiltaan olisi kilpailuvalmis.<\/p>\n<hr \/>\n<p><span style=\"color: #888888;\">My youngest male is Ch Minitiimin Unique Like Me after Ch Helskon Kaleva. Nacho&#8217;s dam is Neppari&#8217;s full litter sister Minitiimin Quizz Show &#8221;Nasta&#8221; who produced me litter of 3 puppies in 2008.<\/span><\/p>\n<p><span style=\"color: #888888;\">Nacho finished his Finnish Champion title 24th April 2010 in Lahti International Show under highly respected allrouder, judge Rainer Vuorinen.<\/span><\/p>\n<p><span style=\"color: #888888;\">Nacho gained his Swedish Champion title 11th July 2010 in G\u00e4llivare International show under judge Eva Valinger, Sweden.<\/span><\/p>\n<p><span style=\"color: #888888;\">Nacho gained his Norwegian Champion and Nordic Champion (=Champion titles from 3 different Nordic countries) titles 17th October 2010 in Tromso International show under judge Arne Foss, Norway.<\/span><\/p>\n<p><span style=\"color: #888888;\">Nacho finished his C.I.B title (Champion International de Beaute) in Tromso show in the beginning of September 2012 judged by Charlotte H\u00f6ier. In December 2013 he made his mark on breed history in Finland by winning three Winner-titles at Helsinki Shows. He is Helsinki Winner 2013, Nordic Winner 2013 and Finnish Winner 2013. He also won FSSC&#8217;s Sheltie Of The Year 2013 competition (males).<\/span><\/p>\n<p><span style=\"color: #999999;\">In December 2015 he won Helsinki Winner 2015 title at Helsinki International Dog Show.<\/span><\/p>\n<p><span style=\"color: #999999;\">Nacho has sired one champion so far. He has been used sparingly at stud only for <\/span><span style=\"color: #999999;\">approved bi<\/span><span style=\"color: #999999;\">tches and he has 9 litters in Finland (total 34 offspring). All his pups will be CEA clear as his genotype is Normal.<\/span><\/p>\n<hr \/>\n<blockquote><p>Nacho p\u00e4hkin\u00e4nkuoressa | Nacho in a Nutshell<\/p><\/blockquote>\n<p>Soopelivalkoinen uros | <span style=\"color: #888888;\">Sable and white male<\/span><br \/>\nSyntynyt 14.4.2008 | <span style=\"color: #888888;\">Born 14th April 2008<\/span><br \/>\n<strong>Silm\u00e4t:<\/strong> CEA-vapaa, PRA-vapaa (09\/2017),<br \/>\nOptigen CEA\/CH Normal |<br \/>\n<span style=\"color: #888888;\"><strong>Eyes:<\/strong> CEA clear, PRA clear (09\/2017), Optigen CEA\/CH Normal<\/span><\/p>\n<p><strong>Lonkat:<\/strong> A\/A | <span style=\"color: #888888;\"><strong>HD:<\/strong> A\/A (FCI)<\/span><br \/>\n<strong>Kyyn\u00e4r\u00e4t:<\/strong> 0\/0 | <span style=\"color: #888888;\"><strong>ED:<\/strong> 0\/0 (FCI)<\/span><br \/>\n<strong>Polvet:<\/strong> 0\/0 | <span style=\"color: #888888;\"><strong>Patellas:<\/strong> 0\/0<\/span><br \/>\n<strong>Syd\u00e4men kuuntelutulos:<\/strong>\u00a0 ei sivu\u00e4\u00e4ni\u00e4 (06\/2009) |<br \/>\n<span style=\"color: #888888;\"><strong>Heart:<\/strong> no heart symptoms (06\/2009)<br \/>\n<strong><span style=\"color: #000000;\">MDR1 <\/span><\/strong><\/span>N\/P (+\/-) carrier (Slovgen)<span style=\"color: #888888;\"><br \/>\n<\/span><\/p>\n<ul>\n<li>Kaikki hampaat, 2 x M2 poistettu ylh\u00e4\u00e4lt\u00e4 ientulehduksen takia 7-vuotiaana | <span style=\"color: #888888;\">Full dentition, 2 x M2 removed due to gingivitis at the age of 7.<br \/>\n<\/span><\/li>\n<li>Leikkaava purenta | <span style=\"color: #888888;\">Scissors bite<\/span><\/li>\n<li>Koko 38,5 cm | <span style=\"color: #888888;\">Size 38,5 cm<\/span><\/li>\n<li>Molemmat kivekset alle 7-viikkoisena |<br \/>\n<span style=\"color: #888888;\">Both testies under the age of 7 weeks<\/span><\/li>\n<li>Jalostustarkastettu 09\/2010 | <span style=\"color: #888888;\">Breed survey 09\/2010<\/span><\/li>\n<\/ul>\n<hr \/>\n<p><strong>N\u00e4yttelytuloksia | <span style=\"color: #888888;\">Show results<\/span><\/strong><\/p>\n<ul>\n<li>1 x RYP-1 | <span style=\"color: #888888;\">1 x BIG-1<\/span><\/li>\n<li>1 x RYP-2 | <span style=\"color: #888888;\">1 x BIG-2<\/span><\/li>\n<li>3 x RYP-3 | <span style=\"color: #888888;\">3 x BIG-3<\/span><\/li>\n<li>9 x ROP | <span style=\"color: #888888;\">9 x BOB<\/span><\/li>\n<li>5 x VSP | <span style=\"color: #888888;\">5 x BOS<\/span><\/li>\n<li>12 x CACIB<\/li>\n<li>6 x SERT | <span style=\"color: #888888;\">6 x CC<\/span><\/li>\n<li>4 x VARA-SERT | <span style=\"color: #888888;\">4 x res CC<\/span><\/li>\n<li>Ykk\u00f6sruusuke 2009 | <span style=\"color: #888888;\">FSSC Show award 2009<\/span><\/li>\n<li>Suomen muotovalio 2010 | <span style=\"color: #888888;\">Finnish Champion 2010<\/span><\/li>\n<li>Ruotsin muotovalio 2010 | <span style=\"color: #888888;\">Swedish Champion 2010<\/span><\/li>\n<li>Norjan muotovalio 2010 | <span style=\"color: #888888;\">Norwegian Champion 2010<\/span><\/li>\n<li>Pohjoismaiden muotovalio 2010 | <span style=\"color: #888888;\">Nordic Champion 2010<\/span><\/li>\n<li>Kansainv\u00e4linen muotovalio 2012 |<br \/>\n<span style=\"color: #888888;\">Champion International de Beaut\u00e9 2012<\/span><\/li>\n<li>Helsinki Winner 2013<\/li>\n<li>Pohjoismaiden Voittaja 2013 | <span style=\"color: #888888;\">Nordic Winner 2013<\/span><\/li>\n<li>Voittaja 2013 | <span style=\"color: #888888;\">Finnish Winner 2013<\/span><\/li>\n<li>Helsinki Winner 2015<\/li>\n<\/ul>\n<hr \/>\n<p><strong>Vuoden shelttikilpailu -tuloksia | <span style=\"color: #888888;\">FSSC Sheltie competitions<\/span><\/strong><\/p>\n<ul>\n<li>Vuoden Sheltti 2009, 7. sija | <span style=\"color: #888888;\">Sheltie Of The Year 2009 7th place<\/span><\/li>\n<li>Vuoden Sheltti 2010, 10. sija |<br \/>\n<span style=\"color: #888888;\">Sheltie Of The Year 2010 10th place<\/span><\/li>\n<li>Vuoden Sheltti 2013 | <span style=\"color: #888888;\">Sheltie Of The Year 2013<\/span><\/li>\n<li>Vuoden Sheltti 2014, 3. sija | <span style=\"color: #999999;\">Sheltie Of The Year 2014 3rd place<\/span><\/li>\n<li>Vuoden Sheltti 2015, 2. sija | <span style=\"color: #999999;\">Sheltie Of The Year 2015 2nd place<\/span><\/li>\n<\/ul>\n<hr \/>\n<p><strong>Nachon j\u00e4lkel\u00e4isi\u00e4 | <span style=\"color: #888888;\">Nacho&#8217;s offspring<\/span><\/strong><br \/>\nurokset+nartut | <span style=\"color: #888888;\">males+females<\/span><\/p>\n<ol>\n<li><b>M\u00e4nnynk\u00e4vyn kennel<\/b>, kasvattaja \/ breeder Auli N\u00e4si &amp; Esko Uusitalo, 12.11.2011, 1+1, <a title=\"M\u00e4nnynk\u00e4vyn www\" href=\"http:\/\/www.mannynkavyn.fi\/\" target=\"_blank\" rel=\"noopener\">web<\/a><\/li>\n<li><b>Dash&#8217;ing kennel<\/b>, kasvattaja \/ breeder Maarit Tervonen<br \/>\n17.5.2012, 1+2, <a title=\"Dash'ing www\" href=\"http:\/\/www.dashingsheltit.blogspot.fi\/\" target=\"_blank\" rel=\"noopener\">web<\/a><\/li>\n<li><b>Amor&#8217;jade kennel<\/b>,\u00a0kasvattaja \/ breeder Marjo Kuivala<br \/>\n5.1.2013, 5+0, <a title=\"Amor'jade www\" href=\"http:\/\/amorjade.vuodatus.net\/?page=2\" target=\"_blank\" rel=\"noopener\">web<\/a><\/li>\n<li><b>Hirsituvan<\/b><b> kennel<\/b>, kasvattaja \/ breeder Marke K\u00e4rkk\u00e4inen<br \/>\n20.9.2013, 2+3, <a title=\"Hirsituvan www\" href=\"http:\/\/hirsituvan.suntuubi.com\/\" target=\"_blank\" rel=\"noopener\">web<\/a><\/li>\n<li><b>Usvatar kennel<\/b>, kasvattaja \/ breeder Tiina ja Juha Karjalainen<br \/>\n23.8.2014, 1+3, <a title=\"Usvatar www\" href=\"http:\/\/www.usvatar.com\/\" target=\"_blank\" rel=\"noopener\">web<\/a><\/li>\n<li><b>Dreamlook kennel<\/b>, kasvattaja \/ breeder Susanna Riekkinen<br \/>\n8.10.2014, 1+1, <a title=\"Dreamlook www\" href=\"http:\/\/www.kenneldreamlook.net\/\" target=\"_blank\" rel=\"noopener\">web<\/a><\/li>\n<li><b>Dreamlook kennel<\/b>, kasvattaja \/ breeder Susanna Riekkinen<br \/>\n14.3.2015, 2+3, <a title=\"Dreamlook www\" href=\"http:\/\/www.kenneldreamlook.net\/\" target=\"_blank\" rel=\"noopener\">web<\/a><\/li>\n<li><strong>Shetfun kennel<\/strong>, kasvattaja \/ breeder Virpi ja Ari H\u00e4nninen<br \/>\n15.4.2015, 2+3, <a href=\"http:\/\/shetfun.vuodatus.net\/\" target=\"_blank\" rel=\"noopener\">web<\/a><\/li>\n<li><b>Dash&#8217;ing kennel<\/b>, kasvattaja \/ breeder Maarit Tervonen<br \/>\n15.7.2016, 1+2, <a title=\"Dash'ing www\" href=\"http:\/\/www.dashingsheltit.blogspot.fi\/\" target=\"_blank\" rel=\"noopener\">web<\/a><\/li>\n<li><strong>Saahin kennel<\/strong>, kasvattaja \/ breeder Soile ja Tero Vuorilampi<br \/>\n26.3.2018, 1+1, <a href=\"https:\/\/www.saahinkennel.fi\/\" target=\"_blank\" rel=\"noopener\">web<\/a><\/li>\n<\/ol>\n<hr \/>\n<p><b>Valioj\u00e4lkel\u00e4iset | <span style=\"color: #888888;\">Champion offspring<\/span><\/b><\/p>\n<p>Fi &amp; Se Ch Dash&#8217;ing Leading Lady<br \/>\nFI AVA-H Shetfun Bright Like Diamond<\/p>\n<p><b>Sertifikaattivoittajat | CC winners<\/b><\/p>\n<p>Dash&#8217;ing Unique Update, 1 x SERT \/ 1 x CC<\/p>\n<p><b>ERI:ll\u00e4 palkitut | Awarded with Excellent<\/b><\/p>\n<p>Dash&#8217;ing Lipstic Lady<br \/>\nDash&#8217;ing Unbelievable Upgrade<br \/>\nDreamlook Rebellious Like Leia<br \/>\nDreamlook Superior Star<br \/>\nShetfun Blazing Prince<\/p>\n","protected":false},"excerpt":{"rendered":"<p>C.I.B POHJ &amp; FI &amp; SE &amp; NO MVA HEW-13 POHJV-13 V-13 HEW-15 Minitiimin Unique Like Me Naksu on luonteeltaan avoin ja rohkea. Tyhm\u00e4nrohkeutta Naksulta l\u00f6ytyy v\u00e4h\u00e4n liikaakin. Ihan ilman syytt\u00e4 ei sit\u00e4 kutsuta kotioloissa Sy\u00f6ksy-S\u00e4mpyl\u00e4ksi. Joka p\u00e4iv\u00e4 joudun katselemaan syd\u00e4n kurkussa sen toilailuja. Hyv\u00e4\u00e4 tuuria ja Mr Murphy\u00e4 uhmaten t\u00e4m\u00e4 koira sy\u00f6ksyy el\u00e4m\u00e4\u00e4n h\u00e4nt\u00e4 &hellip; <a href=\"https:\/\/www.minitiimi.com\/?page_id=38\" class=\"more-link\">Jatka lukemista <span class=\"screen-reader-text\">Nacho<\/span> <span class=\"meta-nav\">&rarr;<\/span><\/a><\/p>\n","protected":false},"author":1,"featured_media":61,"parent":21,"menu_order":3,"comment_status":"closed","ping_status":"closed","template":"","meta":[],"_links":{"self":[{"href":"https:\/\/www.minitiimi.com\/index.php?rest_route=\/wp\/v2\/pages\/38"}],"collection":[{"href":"https:\/\/www.minitiimi.com\/index.php?rest_route=\/wp\/v2\/pages"}],"about":[{"href":"https:\/\/www.minitiimi.com\/index.php?rest_route=\/wp\/v2\/types\/page"}],"author":[{"embeddable":true,"href":"https:\/\/www.minitiimi.com\/index.php?rest_route=\/wp\/v2\/users\/1"}],"replies":[{"embeddable":true,"href":"https:\/\/www.minitiimi.com\/index.php?rest_route=%2Fwp%2Fv2%2Fcomments&post=38"}],"version-history":[{"count":38,"href":"https:\/\/www.minitiimi.com\/index.php?rest_route=\/wp\/v2\/pages\/38\/revisions"}],"predecessor-version":[{"id":1109,"href":"https:\/\/www.minitiimi.com\/index.php?rest_route=\/wp\/v2\/pages\/38\/revisions\/1109"}],"up":[{"embeddable":true,"href":"https:\/\/www.minitiimi.com\/index.php?rest_route=\/wp\/v2\/pages\/21"}],"wp:featuredmedia":[{"embeddable":true,"href":"https:\/\/www.minitiimi.com\/index.php?rest_route=\/wp\/v2\/media\/61"}],"wp:attachment":[{"href":"https:\/\/www.minitiimi.com\/index.php?rest_route=%2Fwp%2Fv2%2Fmedia&parent=38"}],"curies":[{"name":"wp","href":"https:\/\/api.w.org\/{rel}","templated":true}]}}