{"id":24,"date":"2014-02-27T20:46:04","date_gmt":"2014-02-27T18:46:04","guid":{"rendered":"http:\/\/minitiimi.com\/minitiimiwp\/?page_id=24"},"modified":"2022-01-21T12:19:52","modified_gmt":"2022-01-21T10:19:52","slug":"nuno","status":"publish","type":"page","link":"https:\/\/www.minitiimi.com\/?page_id=24","title":{"rendered":"Muistoissa &#8211; Nuno"},"content":{"rendered":"<blockquote><p>FI MVA V-08 Minitiimin One Man Show<\/p><\/blockquote>\n<p>Nuno on hyvin reipas koirapoika, joka tykk\u00e4\u00e4 yli kaiken leikkimisest\u00e4. Kaikki muu (jopa ruoka) unohtuu, kun lelu otetaan esiin. Repimiseen ja kisailuun k\u00e4yv\u00e4t niin perinteiset narulelut kuin pehmoel\u00e4imetkin, mutta my\u00f6s takinhiha, kaulaliina, hanskat, muovipussit, sukat, katuharja, p\u00f6lynimuri, suihku, f\u00f6\u00f6ni jne&#8230;<\/p>\n<p>Nuno on luonteeltaan kiltti ja miellytt\u00e4mishaluinen, mutta taistelutahtoa ja \u00e4ij\u00e4meininki\u00e4 l\u00f6ytyy niin paljon, ett\u00e4 narunvetokisassa Sin\u00e4 j\u00e4\u00e4t toiseksi. Takuuvarmasti!<\/p>\n<p>Nuno on ensimm\u00e4inen Suomen Muotovalio, jolta l\u00f6ytyy nimest\u00e4 Minitiimin-nimi. Nuno valioitui heti ensimm\u00e4isess\u00e4 avoimen luokan kisassaan Hyvink\u00e4\u00e4ll\u00e4 17.9.2006, vain reilu kuukausi 2-vuotissyntt\u00e4reist\u00e4.<\/p>\n<hr \/>\n<p><span style=\"color: #999999;\">My first home bred champion is Minitiimin One Man Show &#8211; a sable dog who did me proud as he titled up only one month later he celebrated his 2nd birthday.\u00a0<\/span><\/p>\n<p><span style=\"color: #999999;\">Ch W-08 Minitiimin One Man Show &#8221;Nuno&#8221; is also the Sheltie of the Year 2007 in Finland (+ 2nd in 2008). He has also won Best In Show in FSSC Speciality Show 2007 under judge Joyce Miles from Milesend kennels, UK and Best In Show in Ylivieska All Breeds International dog show in 2008.<br \/>\n<\/span><\/p>\n<p><span style=\"color: #999999;\">Nuno titled Finnish Winner -08 in Helsinki Int Winner Show in December 2008. Nuno has sired five champions and two CC winners so far. He has one Champion daughter in Australia (AI).<\/span><\/p>\n<p><span style=\"color: #999999;\"> He has been used sparingly at stud only for <\/span><span style=\"color: #999999;\">approved bi<\/span><span style=\"color: #999999;\">tches and he has 9 litters in Finland (total 33 offspring). 20 of 33 adults have been xrayed and 80% of his offspring have come back with A\/A result. All his pups are CEA clear as his genotype is Normal.<\/span><\/p>\n<hr \/>\n<blockquote><p>Nuno p\u00e4hkin\u00e4nkuoressa | Nuno in a Nutshell<\/p><\/blockquote>\n<p>Soopelivalkoinen uros | <span style=\"color: #999999;\">Sable and white male<\/span><br \/>\nSyntynyt 6.8.2004 | <span style=\"color: #999999;\">DOB 6th August 2004<br \/>\n<span style=\"color: #000000;\">Kuollut 18.9.2015 |<\/span> DOD 18th September 2015<\/span><br \/>\n<b>Silm\u00e4t:\u00a0<\/b>CEA-vapaa, PRA-vapaa (03\/2014),<br \/>\nOptigen CEA\/CH Normal |<b><br \/>\n<span style=\"color: #999999;\">Eyes: <\/span><\/b><span style=\"color: #999999;\">CEA clear, PRA clear (03\/2014), <\/span><span style=\"color: #888888;\">Optigen CEA\/CH Normal<\/span><\/p>\n<p><b>Lonkat: <\/b>A\/A<b> | <span style=\"color: #999999;\">HD:<\/span><\/b><span style=\"color: #999999;\"> A\/A (FCI)<\/span><br \/>\n<b>Polvet<\/b><b><b>:<\/b> <\/b>0\/0<b> | <span style=\"color: #999999;\">Patellas:<\/span><\/b><span style=\"color: #999999;\"> 0\/0<\/span><br \/>\n<b><b>Syd\u00e4men kuuntelutulos:\u00a0 <\/b><\/b>ei sivu\u00e4\u00e4ni\u00e4 (06\/2009) |<b><br \/>\n<span style=\"color: #999999;\">Heart: <\/span><\/b><span style=\"color: #999999;\">no heart symptoms<b> <\/b>(06\/2009)<\/span><\/p>\n<ul>\n<li>Puuttuu 1 x P2-v\u00e4lihammas | <span style=\"color: #888888;\">Missing 1 x P2 (premolar)<\/span><\/li>\n<li>Leikkaava purenta | <span style=\"color: #888888;\">Scissors bite<\/span><\/li>\n<li>Koko 38,5 cm | <span style=\"color: #888888;\">Size 38,5 cm<\/span><\/li>\n<li>Molemmat kivekset alta 8-viikkoisena |<br \/>\n<span style=\"color: #888888;\">Both testies under the age of 8 weeks<\/span><\/li>\n<li>Jalostustarkastettu 09\/2010 | <span style=\"color: #888888;\">Breed survey 09\/2010<\/span><\/li>\n<\/ul>\n<hr \/>\n<p><strong>\u00a0N\u00e4yttelytuloksia | <\/strong><b><span style=\"color: #888888;\">Show results<\/span><br \/>\n<\/b><\/p>\n<ul>\n<li>2 x BIS<\/li>\n<li>1 x BIS-1 veteraani | <span style=\"color: #888888;\">1 x BIS-1 veteran<\/span><\/li>\n<li>1 x BIS-2 veteraani | <span style=\"color: #888888;\">1 x BIS-2 veteran<\/span><\/li>\n<li>1 x RYP-1 |<span style=\"color: #888888;\"> 1 x BIG-1<\/span><\/li>\n<li>2 x RYP-2 | <span style=\"color: #888888;\">2 x BIG-2<\/span><\/li>\n<li>1 x RYP-3 | <span style=\"color: #888888;\">1 x BIG-3<\/span><\/li>\n<li>12 x ROP | <span style=\"color: #888888;\">12 x BOB<\/span><\/li>\n<li>6 x VSP | <span style=\"color: #888888;\">6 x BOS<\/span><\/li>\n<li>3 x ROP-pentu | <span style=\"color: #888888;\">3 x BOB puppy<\/span><\/li>\n<li>7 x CACIB<\/li>\n<li>3 x VARA-CACIB | <span style=\"color: #888888;\">3 x res CACIB<\/span><\/li>\n<li>7 x SERT | <span style=\"color: #888888;\">7 x CC<\/span><\/li>\n<li>3 x VARA-SERT | <span style=\"color: #888888;\">3 x res CC<\/span><\/li>\n<li>Ykk\u00f6sruusuke 2005 | <span style=\"color: #888888;\">FSSC Show award 2005<\/span><\/li>\n<li>Suomen muotovalio 2006 | <span style=\"color: #888888;\">Finnish Champion 2006<\/span><\/li>\n<li>Voittaja 2008 | <span style=\"color: #888888;\">Finnish Winner 2008<\/span><\/li>\n<li>BIS erikoisn\u00e4yttelyss\u00e4 2007 | <span style=\"color: #888888;\">Best In\u00a0Speciality Show 2007<\/span><\/li>\n<li>BIS Ylivieska KV 20.7.2008 |<br \/>\n<span style=\"color: #888888;\">BIS in Ylivieska International Dog Show 20.7.2008<\/span><\/li>\n<\/ul>\n<hr \/>\n<p><strong>Vuoden shelttikilpailu -tuloksia | <span style=\"color: #888888;\">FSSC Sheltie competitions<\/span><\/strong><\/p>\n<ul>\n<li>Vuoden Sheltti 2007 | <span style=\"color: #888888;\">Sheltie Of The Year 2007<\/span><\/li>\n<li>Vuoden Sheltti 2005, 5. sija | <span style=\"color: #888888;\">Sheltie of the Year 2005 5th place<\/span><\/li>\n<li>Vuoden Sheltti 2008, 2. sija | <span style=\"color: #888888;\">Sheltie of the Year 2008 2nd place<\/span><\/li>\n<li>Vuoden Sheltti 2009, 4. sija | <span style=\"color: #888888;\">Sheltie of the Year 2009 4th place<\/span><\/li>\n<li>Vuoden veteraanisheltti, 5. sija |<br \/>\n<span style=\"color: #888888;\">Sheltie veteran of the Year 2012 5th place<\/span><\/li>\n<li>Vuoden jalostusuros 2. sija | <span style=\"color: #888888;\">Stud dog of the Year 2012 2nd place<\/span><\/li>\n<\/ul>\n<hr \/>\n<p><b>Nunon j\u00e4lkel\u00e4isi\u00e4 | <span style=\"color: #888888;\">Nuno&#8217;s offspring<\/span><br \/>\n<\/b>urokset+nartut | <span style=\"color: #888888;\">males+females<\/span><\/p>\n<ol>\n<li><b>Lemmikkipolun kennel<\/b>, kasvattaja \/ breeder Tuula Vesala<br \/>\n2.12.2008, 2+2, <a title=\"Lemmikkipolun www\" href=\"http:\/\/personal.inet.fi\/koti\/lemmikkipolun\/\" target=\"_blank\" rel=\"noopener\">web<\/a><\/li>\n<li><b>Foxitar kennel<\/b>,\u00a0kasvattaja \/ breeder Titta Str\u00f6mberg<br \/>\n12.8.2009, 3+1, <a title=\"Foxitar www\" href=\"http:\/\/www.elisanet.fi\/titta_stromberg\/\" target=\"_blank\" rel=\"noopener\">web<\/a><\/li>\n<li><b>Whirling&#8217;s kennel<\/b>,\u00a0kasvattaja \/ breeder Ella Saarenp\u00e4\u00e4<br \/>\n10.9.2009, 2+3, <a title=\"Whirling's www\" href=\"http:\/\/personal.inet.fi\/koti\/bbtiuku\/Index.htm\" target=\"_blank\" rel=\"noopener\">web<\/a><\/li>\n<li><b>Mellway&#8217;s kennel<\/b>,\u00a0kasvattaja \/ breeder Tuija Kaarakainen<br \/>\n12.9.2009, 1+3, <a title=\"Mellway's www\" href=\"http:\/\/koti.kainuu.com\/mellways\/\" target=\"_blank\" rel=\"noopener\">web<\/a><\/li>\n<li><b>Shadowmist kennel<\/b>,\u00a0kasvattaja \/ breeder Anita Nuuttila<br \/>\n24.1.2010, 4+1, <a title=\"Shadowmist www\" href=\"http:\/\/www.firmala.fi\/~shadowmist\/\" target=\"_blank\" rel=\"noopener\">web<\/a><\/li>\n<li><b>Jeonan kennel<\/b>,\u00a0kasvattaja \/ breeder Heidi Viita<br \/>\n22.2.2010, 1+0, <a title=\"Jeonan www\" href=\"http:\/\/www.jeonan.com\/\" target=\"_blank\" rel=\"noopener\">web<\/a><\/li>\n<li><b>Dreamlook kennel<\/b>,\u00a0kasvattaja \/ breeder Susanna Riekkinen<br \/>\n18.10.2010, 1+3, <a title=\"Dreamlook www\" href=\"http:\/\/www.kenneldreamlook.net\/\" target=\"_blank\" rel=\"noopener\">web<\/a><\/li>\n<li><b>Usvatar kennel<\/b>, kasvattaja \/ breeder Tiina ja Juha Karjalainen<br \/>\n3.4.2011, 2+1, <a title=\"Usvatar www\" href=\"http:\/\/www.usvatar.com\/\" target=\"_blank\" rel=\"noopener\">web<\/a><\/li>\n<li><b>Nice Try kennel<\/b>,\u00a0kasvattaja \/ breeder Marguerite Nyman<br \/>\n28.5.2011, 2+1, <a title=\"Nice Try www\" href=\"http:\/\/www.nicetrykennel.net\/\" target=\"_blank\" rel=\"noopener\">web<\/a><\/li>\n<\/ol>\n<p><b>Nunon j\u00e4lkel\u00e4iset ulkomailla | <span style=\"color: #888888;\">Nuno&#8217;s offsping abroad<\/span><br \/>\n<\/b><\/p>\n<ol>\n<li><b>Sunland kennel<\/b>, breeder Sue Van Dinter<br \/>\n16.12.2012, 2+1, artificial insemination, <a title=\"Sunland www\" href=\"http:\/\/www.sunlandshelties.net\/\" target=\"_blank\" rel=\"noopener\">web<\/a><\/li>\n<\/ol>\n<hr \/>\n<p><b>Valioj\u00e4lkel\u00e4iset | <span style=\"color: #888888;\">Champion offspring<\/span><\/b><\/p>\n<p>CIB FI &amp; EE &amp; LT Ch Riga W-18 Whirling&#8217;s Aim Is To Beam<br \/>\nCIB <span style=\"color: #888888;\"><span style=\"color: #000000;\">FI &amp; SE &amp; RU Ch\u00a0LVV Ch Riga VW-18<br \/>\nWhirling&#8217;s Aim Is To <\/span><\/span><span style=\"color: #888888;\"><span style=\"color: #000000;\">Delight<\/span><\/span><br \/>\nRu Ch Shadowmist Let&#8217;s Twist Again<br \/>\nCIB Fi &amp; By &amp; Lv &amp; Se Ch Jeonan Quite A Show<br \/>\nAust Ch Sunland Shes All Show<\/p>\n<p>Fi ACH Fi ACH-J Usvatar Albertino<\/p>\n<p><strong>Sertifikaattivoittajat | <span style=\"color: #888888;\">CC winners<\/span><\/strong><\/p>\n<p>Dreamlook Fashion Fairytale, 1 x SERT | <span style=\"color: #888888;\">1 x CC<br \/>\n<span style=\"color: #333333;\">Lemmikkipolun One Of A Kind, 1 x SERT | <span style=\"color: #999999;\">1 x CC<\/span><\/span><\/span><br \/>\nWhirling&#8217;s Aim Is To Entertain, 1 x SERT | <span style=\"color: #888888;\">1 x CC<br \/>\n<\/span><\/p>\n<p><b>ERI:ll\u00e4 palkitut | <span style=\"color: #888888;\">Awarded with Excellent<\/span><\/b><\/p>\n<p>Foxitar Discoshine<br \/>\nFoxitar Discoshow<br \/>\nWhirling&#8217;s Aim Is To Charm<br \/>\nShadowmist Last Man Standing<br \/>\nDreamlook Fabulous One<br \/>\nDreamlook Fantasy Fashion<br \/>\nUsvatar Albertino<br \/>\nUsvatar Anastasia<br \/>\nNice Try Gonna Be My Sunshine<br \/>\nNice Try Go For It Showman<\/p>\n","protected":false},"excerpt":{"rendered":"<p>FI MVA V-08 Minitiimin One Man Show Nuno on hyvin reipas koirapoika, joka tykk\u00e4\u00e4 yli kaiken leikkimisest\u00e4. Kaikki muu (jopa ruoka) unohtuu, kun lelu otetaan esiin. Repimiseen ja kisailuun k\u00e4yv\u00e4t niin perinteiset narulelut kuin pehmoel\u00e4imetkin, mutta my\u00f6s takinhiha, kaulaliina, hanskat, muovipussit, sukat, katuharja, p\u00f6lynimuri, suihku, f\u00f6\u00f6ni jne&#8230; Nuno on luonteeltaan kiltti ja miellytt\u00e4mishaluinen, mutta taistelutahtoa &hellip; <a href=\"https:\/\/www.minitiimi.com\/?page_id=24\" class=\"more-link\">Jatka lukemista <span class=\"screen-reader-text\">Muistoissa &#8211; Nuno<\/span> <span class=\"meta-nav\">&rarr;<\/span><\/a><\/p>\n","protected":false},"author":1,"featured_media":11,"parent":207,"menu_order":1,"comment_status":"closed","ping_status":"closed","template":"","meta":[],"_links":{"self":[{"href":"https:\/\/www.minitiimi.com\/index.php?rest_route=\/wp\/v2\/pages\/24"}],"collection":[{"href":"https:\/\/www.minitiimi.com\/index.php?rest_route=\/wp\/v2\/pages"}],"about":[{"href":"https:\/\/www.minitiimi.com\/index.php?rest_route=\/wp\/v2\/types\/page"}],"author":[{"embeddable":true,"href":"https:\/\/www.minitiimi.com\/index.php?rest_route=\/wp\/v2\/users\/1"}],"replies":[{"embeddable":true,"href":"https:\/\/www.minitiimi.com\/index.php?rest_route=%2Fwp%2Fv2%2Fcomments&post=24"}],"version-history":[{"count":36,"href":"https:\/\/www.minitiimi.com\/index.php?rest_route=\/wp\/v2\/pages\/24\/revisions"}],"predecessor-version":[{"id":1124,"href":"https:\/\/www.minitiimi.com\/index.php?rest_route=\/wp\/v2\/pages\/24\/revisions\/1124"}],"up":[{"embeddable":true,"href":"https:\/\/www.minitiimi.com\/index.php?rest_route=\/wp\/v2\/pages\/207"}],"wp:featuredmedia":[{"embeddable":true,"href":"https:\/\/www.minitiimi.com\/index.php?rest_route=\/wp\/v2\/media\/11"}],"wp:attachment":[{"href":"https:\/\/www.minitiimi.com\/index.php?rest_route=%2Fwp%2Fv2%2Fmedia&parent=24"}],"curies":[{"name":"wp","href":"https:\/\/api.w.org\/{rel}","templated":true}]}}