{"id":21,"date":"2014-02-27T20:41:07","date_gmt":"2014-02-27T18:41:07","guid":{"rendered":"http:\/\/minitiimi.com\/minitiimiwp\/?page_id=21"},"modified":"2023-05-25T10:13:01","modified_gmt":"2023-05-25T07:13:01","slug":"shelttini-my-shelties","status":"publish","type":"page","link":"https:\/\/www.minitiimi.com\/?page_id=21","title":{"rendered":"Shelttini | My Shelties"},"content":{"rendered":"<p>Shelttilaumamme muodostuu t\u00e4ll\u00e4 hetkell\u00e4 soopeleista Naksusta, Noomista, Murusta, Nemosta, Neelasta sek\u00e4 tricoloureista Rangerista\/Valtosta, Vivasta ja Thelmasta.<\/p>\n<p>Omistan puolikkaan my\u00f6s K-pentueen Karmasta, Minitiimin Kissed By Frozen Mist, yhdess\u00e4 Sanna Komulaisen, kennel Black Classiel&#8217;s, kanssa sek\u00e4 Karman tytt\u00e4rest\u00e4 Namusta, Minitiimin Taste The Raindrops, yhdess\u00e4 Mirja Korhosen kanssa. Karma ja Namu eiv\u00e4t asu meill\u00e4.<\/p>\n<p>Tarkempaa infoa saat kustakin koirasta sen omalta sivulta.<\/p>\n<hr \/>\n<p><span style=\"color: #999999;\">I have eight shelties at this stage. Three males and five females.<br \/>\n<\/span><\/p>\n<p><span style=\"color: #999999;\">You can find more information about my shelties from their own pages.<\/span><\/p>\n","protected":false},"excerpt":{"rendered":"<p>Shelttilaumamme muodostuu t\u00e4ll\u00e4 hetkell\u00e4 soopeleista Naksusta, Noomista, Murusta, Nemosta, Neelasta sek\u00e4 tricoloureista Rangerista\/Valtosta, Vivasta ja Thelmasta. Omistan puolikkaan my\u00f6s K-pentueen Karmasta, Minitiimin Kissed By Frozen Mist, yhdess\u00e4 Sanna Komulaisen, kennel Black Classiel&#8217;s, kanssa sek\u00e4 Karman tytt\u00e4rest\u00e4 Namusta, Minitiimin Taste The Raindrops, yhdess\u00e4 Mirja Korhosen kanssa. Karma ja Namu eiv\u00e4t asu meill\u00e4. Tarkempaa infoa saat kustakin &hellip; <a href=\"https:\/\/www.minitiimi.com\/?page_id=21\" class=\"more-link\">Jatka lukemista <span class=\"screen-reader-text\">Shelttini | My Shelties<\/span> <span class=\"meta-nav\">&rarr;<\/span><\/a><\/p>\n","protected":false},"author":1,"featured_media":9,"parent":0,"menu_order":1,"comment_status":"closed","ping_status":"closed","template":"","meta":[],"_links":{"self":[{"href":"https:\/\/www.minitiimi.com\/index.php?rest_route=\/wp\/v2\/pages\/21"}],"collection":[{"href":"https:\/\/www.minitiimi.com\/index.php?rest_route=\/wp\/v2\/pages"}],"about":[{"href":"https:\/\/www.minitiimi.com\/index.php?rest_route=\/wp\/v2\/types\/page"}],"author":[{"embeddable":true,"href":"https:\/\/www.minitiimi.com\/index.php?rest_route=\/wp\/v2\/users\/1"}],"replies":[{"embeddable":true,"href":"https:\/\/www.minitiimi.com\/index.php?rest_route=%2Fwp%2Fv2%2Fcomments&post=21"}],"version-history":[{"count":26,"href":"https:\/\/www.minitiimi.com\/index.php?rest_route=\/wp\/v2\/pages\/21\/revisions"}],"predecessor-version":[{"id":1137,"href":"https:\/\/www.minitiimi.com\/index.php?rest_route=\/wp\/v2\/pages\/21\/revisions\/1137"}],"wp:featuredmedia":[{"embeddable":true,"href":"https:\/\/www.minitiimi.com\/index.php?rest_route=\/wp\/v2\/media\/9"}],"wp:attachment":[{"href":"https:\/\/www.minitiimi.com\/index.php?rest_route=%2Fwp%2Fv2%2Fmedia&parent=21"}],"curies":[{"name":"wp","href":"https:\/\/api.w.org\/{rel}","templated":true}]}}