{"id":207,"date":"2014-03-04T16:10:45","date_gmt":"2014-03-04T14:10:45","guid":{"rendered":"http:\/\/minitiimi.com\/minitiimiwp\/?page_id=207"},"modified":"2019-07-29T13:29:59","modified_gmt":"2019-07-29T10:29:59","slug":"muistoissa-in-loving-memory","status":"publish","type":"page","link":"https:\/\/www.minitiimi.com\/?page_id=207","title":{"rendered":"Muistoissa | In Loving Memory"},"content":{"rendered":"<p>Eik\u00e4 eromme ole ikuinen, viel\u00e4 tulee p\u00e4iv\u00e4, jolloin taas tapaamme.<\/p>\n<p><strong>Kata<\/strong> (1992-2003)<br \/>\nTricolour narttu | <span style=\"color: #888888;\">Tricolour female<\/span><br \/>\nKasvattaja | <span style=\"color: #888888;\">Breeder:<\/span><br \/>\nJaana Ruokolainen, Kaavi<\/p>\n<p><strong>Kis-Min Babbling Babe<\/strong> (1996-2008)<br \/>\nSoopeli narttu | <span style=\"color: #888888;\">Sable female<\/span><br \/>\nKasvattaja | <span style=\"color: #888888;\">Breeder:<\/span><br \/>\nPirkko Riekki, Kiiminki<\/p>\n<p><strong>FI MVA Helskon Olga<\/strong> (2000-2013)<br \/>\nSoopelivalkoinen narttu | <span style=\"color: #888888;\">Sable and white female<\/span><br \/>\nKasvattaja | <span style=\"color: #888888;\">Breeder:<\/span><br \/>\nSeija ja Taru Ohtonen<\/p>\n<p><strong>FI MVA V-08 Minitiimin One Man Show<\/strong> (2004-2015)<br \/>\nSoopelivalkoinen uros | <span style=\"color: #888888;\">Sable and white male<\/span><\/p>\n<p><strong>C.I.B POHJ &amp; FI &amp; SE &amp; NO MVA POHJVV-13 HEVW-16 VV-16 Minitiimin Quest For Glory<\/strong> (2005-2019)<br \/>\nSoopelivalkoinen narttu | <span style=\"color: #999999;\">Sable and white female<\/span><\/p>\n","protected":false},"excerpt":{"rendered":"<p>Eik\u00e4 eromme ole ikuinen, viel\u00e4 tulee p\u00e4iv\u00e4, jolloin taas tapaamme. Kata (1992-2003) Tricolour narttu | Tricolour female Kasvattaja | Breeder: Jaana Ruokolainen, Kaavi Kis-Min Babbling Babe (1996-2008) Soopeli narttu | Sable female Kasvattaja | Breeder: Pirkko Riekki, Kiiminki FI MVA Helskon Olga (2000-2013) Soopelivalkoinen narttu | Sable and white female Kasvattaja | Breeder: Seija ja &hellip; <a href=\"https:\/\/www.minitiimi.com\/?page_id=207\" class=\"more-link\">Jatka lukemista <span class=\"screen-reader-text\">Muistoissa | In Loving Memory<\/span> <span class=\"meta-nav\">&rarr;<\/span><\/a><\/p>\n","protected":false},"author":1,"featured_media":0,"parent":21,"menu_order":20,"comment_status":"closed","ping_status":"closed","template":"","meta":[],"_links":{"self":[{"href":"https:\/\/www.minitiimi.com\/index.php?rest_route=\/wp\/v2\/pages\/207"}],"collection":[{"href":"https:\/\/www.minitiimi.com\/index.php?rest_route=\/wp\/v2\/pages"}],"about":[{"href":"https:\/\/www.minitiimi.com\/index.php?rest_route=\/wp\/v2\/types\/page"}],"author":[{"embeddable":true,"href":"https:\/\/www.minitiimi.com\/index.php?rest_route=\/wp\/v2\/users\/1"}],"replies":[{"embeddable":true,"href":"https:\/\/www.minitiimi.com\/index.php?rest_route=%2Fwp%2Fv2%2Fcomments&post=207"}],"version-history":[{"count":4,"href":"https:\/\/www.minitiimi.com\/index.php?rest_route=\/wp\/v2\/pages\/207\/revisions"}],"predecessor-version":[{"id":1069,"href":"https:\/\/www.minitiimi.com\/index.php?rest_route=\/wp\/v2\/pages\/207\/revisions\/1069"}],"up":[{"embeddable":true,"href":"https:\/\/www.minitiimi.com\/index.php?rest_route=\/wp\/v2\/pages\/21"}],"wp:attachment":[{"href":"https:\/\/www.minitiimi.com\/index.php?rest_route=%2Fwp%2Fv2%2Fmedia&parent=207"}],"curies":[{"name":"wp","href":"https:\/\/api.w.org\/{rel}","templated":true}]}}