{"id":2,"date":"2014-02-27T12:22:27","date_gmt":"2014-02-27T10:22:27","guid":{"rendered":"http:\/\/minitiimi.com\/minitiimiwp\/?page_id=2"},"modified":"2017-09-04T10:56:05","modified_gmt":"2017-09-04T07:56:05","slug":"aloitussivu-home","status":"publish","type":"page","link":"https:\/\/www.minitiimi.com\/","title":{"rendered":"Aloitussivu | Home"},"content":{"rendered":"<blockquote><p>Kasvatan shetlanninlammaskoiria pienimuotoisesti &#8211; harrastuspohjalta kotiymp\u00e4rist\u00f6ss\u00e4 &#8211; t\u00e4rkeimp\u00e4n\u00e4 tavoitteenani kaunis, toimintakykyinen, hyv\u00e4luonteinen ja -rakenteinen paimenkoira, joka on rotum\u00e4\u00e4ritelm\u00e4n mukainen sek\u00e4 terve silmilt\u00e4\u00e4n, lonkiltaan, polviltaan ja kintereilt\u00e4\u00e4n.<\/p><\/blockquote>\n<p>Siksi pyrin k\u00e4ytt\u00e4m\u00e4\u00e4n jalostukseen vain terveit\u00e4, n\u00e4yttelyss\u00e4 palkittuja vanhempia, jotka t\u00e4ytt\u00e4v\u00e4t rotuyhdistyksen jalostusohjes\u00e4\u00e4nn\u00f6n mukaiset jalostusyksil\u00f6n v\u00e4himm\u00e4isvaatimukset.<\/p>\n<p>Minut on palkittu vuonna 2015 Suomen Kennelliiton Vuolasvirta-palkinnolla nro 1000 ansiokkaasta shetlanninlammaskoirien kasvatuksesta.<\/p>\n<p>Minitiimin sheltit on listattu Vuoden Shelttikasvattaja -kilpailussa viiden menestyksekk\u00e4imm\u00e4n kasvattajan joukkoon kuusi kertaa 2010-2016. Vuonna 2016 sijoituimme viidenneksi. Vuonna 2014 ja 2015 olimme kolmantena, vuonna 2013 toisena, vuonna 2012 nelj\u00e4nten\u00e4 ja vuonna 2010 viidenten\u00e4. Kiitos ahkerille kasvattieni omistajille kehien kiert\u00e4misest\u00e4.<\/p>\n<hr \/>\n<p><span style=\"color: #999999;\">Minitiimin is a small hobby kennel, keeping a limited number of shelties. I only breed max couple of litters a year, always looking for the sheltie standard to the fullest.\u00a0 Puppies are occasionally available to approved homes.<\/span><\/p>\n<p><span style=\"color: #999999;\">The Finnish Kennel Club has granted me the Vuolasvirta Award for excellent breeding of Shetland Sheepdogs in 2015. I\u2019m the seventh Sheltie breeder who has achieved this award in Finland in 1979-2015.<br \/>\n<\/span><\/p>\n<p><span style=\"color: #999999;\">The Vuolasvirta Award was founded to develop dog breeding and to respect the<\/span><span class=\"text_exposed_show\"><span style=\"color: #999999;\"> merits of the deceased cynologist Lauri Vuolasvirta. The Vuolasvirta Award is the highest merit a breeder can get from the Finnish Kennel Club.<\/span> <\/span><\/p>\n<p><span style=\"color: #888888;\">Minitiimin kennels has been among TOP 5 Sheltie breeders in Finland six times during 2010-2016.<\/span><\/p>\n<p><span style=\"color: #888888;\">Sheltie breeder of the Year 2016 #5<br \/>\nSheltie breeder of the Year 2015 #3<br \/>\nSheltie breeder of the Year 2014 #3<br \/>\nSheltie breeder of the Year 2013 #2<\/span><br \/>\n<span style=\"color: #888888;\"> Sheltie breeder of the Year 2012 #4<\/span><br \/>\n<span style=\"color: #888888;\"> Sheltie breeder of the Year 2010 #5<\/span><\/p>\n","protected":false},"excerpt":{"rendered":"<p>Kasvatan shetlanninlammaskoiria pienimuotoisesti &#8211; harrastuspohjalta kotiymp\u00e4rist\u00f6ss\u00e4 &#8211; t\u00e4rkeimp\u00e4n\u00e4 tavoitteenani kaunis, toimintakykyinen, hyv\u00e4luonteinen ja -rakenteinen paimenkoira, joka on rotum\u00e4\u00e4ritelm\u00e4n mukainen sek\u00e4 terve silmilt\u00e4\u00e4n, lonkiltaan, polviltaan ja kintereilt\u00e4\u00e4n. Siksi pyrin k\u00e4ytt\u00e4m\u00e4\u00e4n jalostukseen vain terveit\u00e4, n\u00e4yttelyss\u00e4 palkittuja vanhempia, jotka t\u00e4ytt\u00e4v\u00e4t rotuyhdistyksen jalostusohjes\u00e4\u00e4nn\u00f6n mukaiset jalostusyksil\u00f6n v\u00e4himm\u00e4isvaatimukset. Minut on palkittu vuonna 2015 Suomen Kennelliiton Vuolasvirta-palkinnolla nro 1000 ansiokkaasta shetlanninlammaskoirien kasvatuksesta. &hellip; <a href=\"https:\/\/www.minitiimi.com\/\" class=\"more-link\">Jatka lukemista <span class=\"screen-reader-text\">Aloitussivu | Home<\/span> <span class=\"meta-nav\">&rarr;<\/span><\/a><\/p>\n","protected":false},"author":1,"featured_media":66,"parent":0,"menu_order":0,"comment_status":"closed","ping_status":"closed","template":"","meta":[],"_links":{"self":[{"href":"https:\/\/www.minitiimi.com\/index.php?rest_route=\/wp\/v2\/pages\/2"}],"collection":[{"href":"https:\/\/www.minitiimi.com\/index.php?rest_route=\/wp\/v2\/pages"}],"about":[{"href":"https:\/\/www.minitiimi.com\/index.php?rest_route=\/wp\/v2\/types\/page"}],"author":[{"embeddable":true,"href":"https:\/\/www.minitiimi.com\/index.php?rest_route=\/wp\/v2\/users\/1"}],"replies":[{"embeddable":true,"href":"https:\/\/www.minitiimi.com\/index.php?rest_route=%2Fwp%2Fv2%2Fcomments&post=2"}],"version-history":[{"count":16,"href":"https:\/\/www.minitiimi.com\/index.php?rest_route=\/wp\/v2\/pages\/2\/revisions"}],"predecessor-version":[{"id":885,"href":"https:\/\/www.minitiimi.com\/index.php?rest_route=\/wp\/v2\/pages\/2\/revisions\/885"}],"wp:featuredmedia":[{"embeddable":true,"href":"https:\/\/www.minitiimi.com\/index.php?rest_route=\/wp\/v2\/media\/66"}],"wp:attachment":[{"href":"https:\/\/www.minitiimi.com\/index.php?rest_route=%2Fwp%2Fv2%2Fmedia&parent=2"}],"curies":[{"name":"wp","href":"https:\/\/api.w.org\/{rel}","templated":true}]}}