{"id":17,"date":"2014-02-27T20:21:47","date_gmt":"2014-02-27T18:21:47","guid":{"rendered":"http:\/\/minitiimi.com\/minitiimiwp\/?page_id=17"},"modified":"2021-09-28T20:25:48","modified_gmt":"2021-09-28T17:25:48","slug":"taustaa-behind-the-scenes","status":"publish","type":"page","link":"https:\/\/www.minitiimi.com\/?page_id=17","title":{"rendered":"Taustaa | Behind the scenes"},"content":{"rendered":"<blockquote><p>Olen harrastanut shelttej\u00e4 vuodesta 1992.<\/p><\/blockquote>\n<p>Olen ammatiltani viestinn\u00e4n ja mainonnan sekaty\u00f6l\u00e4inen. Istun p\u00e4iv\u00e4t pitk\u00e4t koneen \u00e4\u00e4ress\u00e4 ja maalailen taivaanrantaa ty\u00f6kseni. Tekstintuottaminen, visun suttaaminen ja proikkarointi ovat kuuluneet arkeeni vuodesta 2001.<\/p>\n<p>Sivuty\u00f6n\u00e4ni valokuvaan kaikkea ja kaikenlaista \u2013 ihmisist\u00e4 el\u00e4imiin ja tuotteisiin. K\u00e4y ihmeess\u00e4 tutustumassa kuviini valokuvaussivustollani <a href=\"https:\/\/www.miinalukkari.fi\">Valokuvaaja Miina Lukkari<\/a>.<\/p>\n<p>Kaiken ty\u00f6lt\u00e4 liikenev\u00e4n ajan k\u00e4yt\u00e4n sheltteihini &#8211; valokuvaukseen ja musiikkiin, elokuviin, k\u00e4sill\u00e4 v\u00e4kertelyyn ja matkustamiseen kuluvan ajan poislukien. Harva se viikonloppu minut l\u00f6yt\u00e4\u00e4 n\u00e4yttelykeh\u00e4st\u00e4, mets\u00e4st\u00e4, asfalttilenkilt\u00e4 tai maasta makaamasta ja r\u00e4psyttelem\u00e4st\u00e4 kuvia.<\/p>\n<p>Asumme Kirkkoaholla, Linnantauksessa, noin 8 km Kajaanin keskustasta pohjoiseen. Perheeseeni kuuluu koirien lis\u00e4ksi aviomies Janne, joka harrastaa aktiivisesti ravihevosia niit\u00e4 treenaten ja ohjastaen.<\/p>\n<p>Koiramme asuvat perheess\u00e4mme rakastettuina, yksil\u00f6llisin\u00e4 perheenj\u00e4senin\u00e4, joten meill\u00e4 ei ole kenneltiloja. Enk\u00e4 juuri siksi miell\u00e4 Minitiimi\u00e4 kenneliksi sanan varsinaisessa merkityksess\u00e4.<\/p>\n<p>Koiratouhuissa olen ollut mukana 90-luvun alusta saakka. Vuosikymmenen puoliv\u00e4liss\u00e4 harrastin aktiivisesti agility\u00e4 ensimm\u00e4isen shelttini Katan kanssa ja agilityn koulutusohjaajaksi kouluttauduin 1995.\u00a0 Toisen shelttini Pepsin (Kis-Min Babbling Babe) my\u00f6t\u00e4 kasvattaminen ja n\u00e4yttelyt rupesivat kiinnostamaan enemm\u00e4n ja agility on j\u00e4\u00e4nyt vain kotih\u00f6nts\u00e4ilyksi. Koiristani edesmennyt Alma (Susadan Hurvitellen), Naksu (Ch Minitiimin Unique Like Me) ja Noomi (Minitiimin Closer To Glory) ovat aksailleet omaksi ilokseen, ilman kilpailutavoitteita.<\/p>\n<hr \/>\n<p><span style=\"color: #999999;\">Something about me: My name is Miina Lukkari and I am from the city of Kajaani in the heartlands of Finland. My husband \u201cJanne\u201d and I live in a house situated just outside the centre of Kajaani. We do not have any children; only these furry ones, our shelties live with us as pets.\u00a0<\/span><\/p>\n<p><span style=\"color: #999999;\">We have lots of lovely forests and fields near by, and it is only a short distance from the town and other services, for example the airport is only 8 km from our home.<\/span><\/p>\n<p><span style=\"color: #999999;\">My very hobby is my dogs. I love long walks in the peaceful forests, dogs running around, and the excitement found in the atmosphere of dog shows.\u00a0<\/span><\/p>\n<p><span style=\"color: #999999;\">I am also very interested in breeding. I have bred shelties in a small scale since 2002.<br \/>\n<\/span><\/p>\n","protected":false},"excerpt":{"rendered":"<p>Olen harrastanut shelttej\u00e4 vuodesta 1992. Olen ammatiltani viestinn\u00e4n ja mainonnan sekaty\u00f6l\u00e4inen. Istun p\u00e4iv\u00e4t pitk\u00e4t koneen \u00e4\u00e4ress\u00e4 ja maalailen taivaanrantaa ty\u00f6kseni. Tekstintuottaminen, visun suttaaminen ja proikkarointi ovat kuuluneet arkeeni vuodesta 2001. Sivuty\u00f6n\u00e4ni valokuvaan kaikkea ja kaikenlaista \u2013 ihmisist\u00e4 el\u00e4imiin ja tuotteisiin. K\u00e4y ihmeess\u00e4 tutustumassa kuviini valokuvaussivustollani Valokuvaaja Miina Lukkari. Kaiken ty\u00f6lt\u00e4 liikenev\u00e4n ajan k\u00e4yt\u00e4n sheltteihini &#8211; &hellip; <a href=\"https:\/\/www.minitiimi.com\/?page_id=17\" class=\"more-link\">Jatka lukemista <span class=\"screen-reader-text\">Taustaa | Behind the scenes<\/span> <span class=\"meta-nav\">&rarr;<\/span><\/a><\/p>\n","protected":false},"author":1,"featured_media":20,"parent":0,"menu_order":4,"comment_status":"closed","ping_status":"closed","template":"","meta":[],"_links":{"self":[{"href":"https:\/\/www.minitiimi.com\/index.php?rest_route=\/wp\/v2\/pages\/17"}],"collection":[{"href":"https:\/\/www.minitiimi.com\/index.php?rest_route=\/wp\/v2\/pages"}],"about":[{"href":"https:\/\/www.minitiimi.com\/index.php?rest_route=\/wp\/v2\/types\/page"}],"author":[{"embeddable":true,"href":"https:\/\/www.minitiimi.com\/index.php?rest_route=\/wp\/v2\/users\/1"}],"replies":[{"embeddable":true,"href":"https:\/\/www.minitiimi.com\/index.php?rest_route=%2Fwp%2Fv2%2Fcomments&post=17"}],"version-history":[{"count":20,"href":"https:\/\/www.minitiimi.com\/index.php?rest_route=\/wp\/v2\/pages\/17\/revisions"}],"predecessor-version":[{"id":1120,"href":"https:\/\/www.minitiimi.com\/index.php?rest_route=\/wp\/v2\/pages\/17\/revisions\/1120"}],"wp:featuredmedia":[{"embeddable":true,"href":"https:\/\/www.minitiimi.com\/index.php?rest_route=\/wp\/v2\/media\/20"}],"wp:attachment":[{"href":"https:\/\/www.minitiimi.com\/index.php?rest_route=%2Fwp%2Fv2%2Fmedia&parent=17"}],"curies":[{"name":"wp","href":"https:\/\/api.w.org\/{rel}","templated":true}]}}