{"id":119,"date":"2014-03-04T10:05:27","date_gmt":"2014-03-04T08:05:27","guid":{"rendered":"http:\/\/minitiimi.com\/minitiimiwp\/?page_id=119"},"modified":"2019-10-09T14:08:18","modified_gmt":"2019-10-09T11:08:18","slug":"tilastot-statistics","status":"publish","type":"page","link":"https:\/\/www.minitiimi.com\/?page_id=119","title":{"rendered":"Tilastot | Statistics"},"content":{"rendered":"<table style=\"height: 100%; ; width: 100%;\" border=\"0\" cellspacing=\"2\" align=\"left\">\n<tbody>\n<tr style=\"background-color: #dcdcdc;\">\n<td><span style=\"font-size: 14px;\"><strong>Nimi<\/strong><\/span><\/td>\n<td><span style=\"font-size: 14px;\"><strong>Silm\u00e4t<\/strong><\/span><\/td>\n<td><span style=\"font-size: 14px;\"><strong>HD<\/strong><\/span><\/td>\n<td><span style=\"font-size: 14px;\"><strong>ED<\/strong><\/span><\/td>\n<td><span style=\"font-size: 14px;\"><strong>Polvet<\/strong><\/span><\/td>\n<td><span style=\"font-size: 14px;\"><strong>Muuta<\/strong><\/span><\/td>\n<\/tr>\n<tr>\n<td><span style=\"font-size: 12px;\">M. Mirage, u<\/span><\/td>\n<td><span style=\"font-size: 12px;\">OK<\/span><\/td>\n<td><span style=\"font-size: 12px;\">&#8211;<\/span><\/td>\n<td><span style=\"font-size: 12px;\">&#8211;<\/span><\/td>\n<td><span style=\"font-size: 12px;\">&#8211;<\/span><\/td>\n<td><span style=\"font-size: 12px;\">Koko 35 cm<br \/>\n<em>Menehtyi 2014<\/em><br \/>\n<\/span><\/td>\n<\/tr>\n<tr>\n<td><span style=\"font-size: 12px;\">M. Miracle, n<br \/>\n<\/span><\/td>\n<td><span style=\"font-size: 12px;\">PHPV\/<\/span><br \/>\n<span style=\"font-size: 12px;\">PHTVL<\/span><\/td>\n<td><span style=\"font-size: 12px;\">&#8211;<\/span><\/td>\n<td><span style=\"font-size: 12px;\">&#8211;<\/span><\/td>\n<td><span style=\"font-size: 12px;\">&#8211;<\/span><\/td>\n<td><span style=\"font-size: 12px;\">Puuttuu <\/span><span style=\"font-size: 12px;\">1 x P2<br \/>\n<em>Menehtyi 2014<\/em><br \/>\n<\/span><\/td>\n<\/tr>\n<tr>\n<td><span style=\"font-size: 12px;\">M. Mirasol, n<br \/>\n<\/span><\/td>\n<td><span style=\"font-size: 12px;\">OK<\/span><\/td>\n<td><span style=\"font-size: 12px;\">B\/B<\/span><\/td>\n<td><span style=\"font-size: 12px;\">&#8211;<\/span><\/td>\n<td><span style=\"font-size: 12px;\">0\/0<\/span><\/td>\n<td><em><span style=\"font-size: 12px;\">Menehtyi 2006<\/span><\/em><\/td>\n<\/tr>\n<tr>\n<td><span style=\"font-size: 12px;\">M. Mirabeau, u<br \/>\n<\/span><\/td>\n<td><span style=\"font-size: 12px;\">OK<\/span><\/td>\n<td><span style=\"font-size: 12px;\">&#8211;<\/span><\/td>\n<td><span style=\"font-size: 12px;\">&#8211;<\/span><\/td>\n<td><span style=\"font-size: 12px;\">&#8211;<\/span><\/td>\n<td><em><span style=\"font-size: 12px;\">Menehtyi 2013<\/span><\/em><\/td>\n<\/tr>\n<tr style=\"background-color: #dcdcdc;\">\n<td><span style=\"font-size: 12px;\">M. One Man Show, u<br \/>\n<\/span><\/td>\n<td><span style=\"font-size: 12px;\">Dist.<\/span><\/td>\n<td><span style=\"font-size: 12px;\">A\/A<\/span><\/td>\n<td><span style=\"font-size: 12px;\">\u00a0&#8211;<\/span><\/td>\n<td><span style=\"font-size: 12px;\">0\/0 <\/span><\/td>\n<td><span style=\"font-size: 12px;\">Puuttuu 1 x P2<\/span><br \/>\n<span style=\"font-size: 12px;\">CEA\/CH Normal<br \/>\nCushingin tauti 10 v.<br \/>\n<em>Menehtyi 2015<\/em><br \/>\n<\/span><\/td>\n<\/tr>\n<tr>\n<td><span style=\"font-size: 12px;\">M. Quite A Fellow, u<br \/>\n<\/span><\/td>\n<td><span style=\"font-size: 12px;\">OK<\/span><\/td>\n<td><span style=\"font-size: 12px;\">A\/A <\/span><\/td>\n<td><span style=\"font-size: 12px;\">0\/0<\/span><\/td>\n<td><span style=\"font-size: 12px;\">0\/0<\/span><\/td>\n<td><span style=\"font-size: 12px;\">Kivesvika, kastroitu<br \/>\nAgility MEDI3<br \/>\n<\/span><\/td>\n<\/tr>\n<tr>\n<td><span style=\"font-size: 12px;\">M. Quizz Show, n<br \/>\n<\/span><\/td>\n<td><span style=\"font-size: 12px;\">Dist.<\/span><\/td>\n<td><span style=\"font-size: 12px;\">A\/A<\/span><\/td>\n<td><span style=\"font-size: 12px;\">&#8211;<\/span><\/td>\n<td><span style=\"font-size: 12px;\">0\/0<\/span><\/td>\n<td><span style=\"font-size: 12px;\">Puuttuu 1 x P2, <\/span><br \/>\n<span style=\"font-size: 12px;\">koko n. 40 cm<\/span><\/td>\n<\/tr>\n<tr>\n<td><span style=\"font-size: 12px;\">M. Quest For Glory, n<br \/>\n<\/span><\/td>\n<td><span style=\"font-size: 12px;\">Dist.<\/span><\/td>\n<td><span style=\"font-size: 12px;\">A\/A <\/span><\/td>\n<td><span style=\"font-size: 12px;\">&#8211; <\/span><\/td>\n<td><span style=\"font-size: 12px;\">0\/0 <\/span><\/td>\n<td><span style=\"font-size: 12px;\">Koko 35,5 cm<br \/>\nCEA\/CH Normal<\/span><\/td>\n<\/tr>\n<tr style=\"background-color: #dcdcdc;\">\n<td><span style=\"font-size: 12px;\">M. Shine On High, u<br \/>\n<\/span><\/td>\n<td><span style=\"font-size: 12px;\">OK <\/span><\/td>\n<td><span style=\"font-size: 12px;\">B\/B <\/span><\/td>\n<td><span style=\"font-size: 12px;\">0\/0 <\/span><\/td>\n<td><span style=\"font-size: 12px;\">0\/0 <\/span><\/td>\n<td><span style=\"font-size: 12px;\">Sivu\u00e4\u00e4ni kuuluu<br \/>\nAgility MEDI3 <\/span><\/td>\n<\/tr>\n<tr style=\"background-color: #dcdcdc;\">\n<td><span style=\"font-size: 12px;\">M. Steal A Kiss, n <\/span><\/td>\n<td><span style=\"font-size: 12px;\">OK <\/span><\/td>\n<td><span style=\"font-size: 12px;\">&#8211; <\/span><\/td>\n<td><span style=\"font-size: 12px;\">&#8211; <\/span><\/td>\n<td><span style=\"font-size: 12px;\">&#8211; <\/span><\/td>\n<td><\/td>\n<\/tr>\n<tr style=\"background-color: #dcdcdc;\">\n<td><span style=\"font-size: 12px;\">M. Strike A Pose, n <\/span><\/td>\n<td><span style=\"font-size: 12px;\">Dist.<\/span><br \/>\n<span style=\"font-size: 12px;\">Entropium<\/span><\/td>\n<td><span style=\"font-size: 12px;\">&#8211; <\/span><\/td>\n<td><span style=\"font-size: 12px;\">&#8211; <\/span><\/td>\n<td><span style=\"font-size: 12px;\">0\/0 <\/span><\/td>\n<td><span style=\"font-size: 12px;\">Aortan ahtauma <\/span><\/td>\n<\/tr>\n<tr style=\"background-color: #dcdcdc;\">\n<td><span style=\"font-size: 12px;\">M. Save Our Souls, u <\/span><\/td>\n<td><span style=\"font-size: 12px;\">OK <\/span><\/td>\n<td><span style=\"font-size: 12px;\">B\/A <\/span><\/td>\n<td><span style=\"font-size: 12px;\">&#8211; <\/span><\/td>\n<td><span style=\"font-size: 12px;\">0\/0 <\/span><\/td>\n<td><span style=\"font-size: 12px;\">Sivu\u00e4\u00e4ni kuuluu<br \/>\nAgility MEDI3, AVA <\/span><\/td>\n<\/tr>\n<tr style=\"background-color: #dcdcdc;\">\n<td><span style=\"font-size: 12px;\">M. Seize The Day, n <\/span><\/td>\n<td><span style=\"font-size: 12px;\">OK <\/span><\/td>\n<td><span style=\"font-size: 12px;\">A\/A <\/span><\/td>\n<td><span style=\"font-size: 12px;\">&#8211; <\/span><\/td>\n<td><span style=\"font-size: 12px;\">0\/0 <\/span><\/td>\n<td><span style=\"font-size: 12px;\">Sivu\u00e4\u00e4ni kuuluu<br \/>\n<em>Menehtyi 2015<\/em><br \/>\n<\/span><\/td>\n<\/tr>\n<tr>\n<td><span style=\"font-size: 12px;\">M. Updated Quizz, n<br \/>\n<\/span><\/td>\n<td><span style=\"font-size: 12px;\">Dist. <\/span><\/td>\n<td><span style=\"font-size: 12px;\">A\/A <\/span><\/td>\n<td><span style=\"font-size: 12px;\">0\/0 <\/span><\/td>\n<td><span style=\"font-size: 12px;\">0\/0 <\/span><\/td>\n<td><span style=\"font-size: 12px;\">Koko 36 cm<br \/>\nCEA\/CH Normal <\/span><\/td>\n<\/tr>\n<tr>\n<td><span style=\"font-size: 12px;\">M. Unique Like Me, u <\/span><\/td>\n<td><span style=\"font-size: 12px;\">Dist. <\/span><\/td>\n<td><span style=\"font-size: 12px;\">A\/A <\/span><\/td>\n<td><span style=\"font-size: 12px;\">0\/0 <\/span><\/td>\n<td><span style=\"font-size: 12px;\">0\/0 <\/span><\/td>\n<td><span style=\"font-size: 12px;\">Koko 38,5 cm<br \/>\nCEA\/CH Normal <\/span><\/td>\n<\/tr>\n<tr>\n<td><span style=\"font-size: 12px;\">M. Upon A Dream, n <\/span><\/td>\n<td><span style=\"font-size: 12px;\">Dist. <\/span><\/td>\n<td><span style=\"font-size: 12px;\">A\/A <\/span><\/td>\n<td><span style=\"font-size: 12px;\">0\/0 <\/span><\/td>\n<td><span style=\"font-size: 12px;\">0\/0 <\/span><\/td>\n<td><span style=\"font-size: 12px;\">Alapurenta <\/span><\/td>\n<\/tr>\n<tr style=\"background-color: #dcdcdc;\">\n<td><span style=\"font-size: 12px;\">M. Wow &#8217;Em All, n<br \/>\n<\/span><\/td>\n<td><span style=\"font-size: 12px;\">OK <\/span><\/td>\n<td><span style=\"font-size: 12px;\">&#8211; <\/span><\/td>\n<td><span style=\"font-size: 12px;\">&#8211; <\/span><\/td>\n<td><span style=\"font-size: 12px;\">&#8211; <\/span><\/td>\n<td><span style=\"font-size: 12px;\">Koko 43 cm<\/span><br \/>\n<em><span style=\"font-size: 12px;\">Menehtyi 2012<br \/>\ntapaturmassa<\/span><\/em><\/td>\n<\/tr>\n<tr style=\"background-color: #dcdcdc;\">\n<td><span style=\"font-size: 12px;\">M. Whole <\/span><br \/>\n<span style=\"font-size: 12px;\">Lotta Voltage, u<br \/>\n<\/span><\/td>\n<td><span style=\"font-size: 12px;\">OK <\/span><\/td>\n<td><span style=\"font-size: 12px;\">A\/A <\/span><\/td>\n<td><span style=\"font-size: 12px;\">0\/0 <\/span><\/td>\n<td><span style=\"font-size: 12px;\">0\/0 <\/span><\/td>\n<td><span style=\"font-size: 12px;\">Peitsikulmuri<\/span><br \/>\n<span style=\"font-size: 12px;\">poistettu 2010<\/span><\/td>\n<\/tr>\n<tr style=\"background-color: #dcdcdc;\">\n<td><span style=\"font-size: 12px;\">M. Who&#8217;s Got<\/span><br \/>\n<span style=\"font-size: 12px;\">The Bling, n<br \/>\n<\/span><\/td>\n<td><span style=\"font-size: 12px;\">Dist. <\/span><\/td>\n<td><span style=\"font-size: 12px;\">A\/A <\/span><\/td>\n<td><span style=\"font-size: 12px;\">0\/0 <\/span><\/td>\n<td><span style=\"font-size: 12px;\">0\/0 <\/span><\/td>\n<td><span style=\"font-size: 12px;\">Koko 35 cm<br \/>\nCEA\/CH Carrier <\/span><\/td>\n<\/tr>\n<tr>\n<td><span style=\"font-size: 12px;\">M. You Make<\/span><br \/>\n<span style=\"font-size: 12px;\">Hearts Sing, u<br \/>\n<\/span><\/td>\n<td><span style=\"font-size: 12px;\">Dist.<\/span><\/td>\n<td><span style=\"font-size: 12px;\">A\/B <\/span><\/td>\n<td><span style=\"font-size: 12px;\">0\/0 <\/span><\/td>\n<td><span style=\"font-size: 12px;\">0\/0 <\/span><\/td>\n<td><span style=\"font-size: 12px;\">\u00a0<\/span><\/td>\n<\/tr>\n<tr>\n<td><span style=\"font-size: 12px;\">M. You Rock<\/span><br \/>\n<span style=\"font-size: 12px;\">The World, u<br \/>\n<\/span><\/td>\n<td><span style=\"font-size: 12px;\">PHPV\/<\/span><br \/>\n<span style=\"font-size: 12px;\">PHTVL<\/span><\/td>\n<td><span style=\"font-size: 12px;\">C\/C <\/span><\/td>\n<td><span style=\"font-size: 12px;\">0\/0 <\/span><\/td>\n<td><span style=\"font-size: 12px;\">0\/0 <\/span><\/td>\n<td><span style=\"font-size: 12px;\">Kivesvika,<\/span> <span style=\"font-size: 12px;\">kastroitu<\/span><\/td>\n<\/tr>\n<tr>\n<td><span style=\"font-size: 12px;\">M. You Turn Heads, n<br \/>\n<\/span><\/td>\n<td><span style=\"font-size: 12px;\">OK <\/span><\/td>\n<td><span style=\"font-size: 12px;\">C\/C <\/span><\/td>\n<td><span style=\"font-size: 12px;\">0\/0 <\/span><\/td>\n<td><span style=\"font-size: 12px;\">0\/0 <\/span><\/td>\n<td><span style=\"font-size: 12px;\">Puuttuu 2 x P2<br \/>\nKoko 32,5 cm<br \/>\n<em>Menehtyi 2016<\/em><br \/>\n<\/span><\/td>\n<\/tr>\n<tr style=\"background-color: #dcdcdc;\">\n<td><span style=\"font-size: 12px;\">M. Angel In<br \/>\nDisguise, n<br \/>\n<\/span><\/td>\n<td><span style=\"font-size: 12px;\">OK<\/span><\/td>\n<td><span style=\"font-size: 12px;\">A\/A<br \/>\n<\/span><\/td>\n<td><span style=\"font-size: 12px;\">0\/0<br \/>\n<\/span><\/td>\n<td><span style=\"font-size: 12px;\">0\/0<br \/>\n<\/span><\/td>\n<td><span style=\"font-size: 12px;\">Puuttuu 1 x P3<br \/>\nEtujalka katkennut<br \/>\n5 kk i\u00e4ss\u00e4<br \/>\nCEA\/CH Normal<br \/>\n<\/span><\/td>\n<\/tr>\n<tr style=\"background-color: #dcdcdc;\">\n<td><span style=\"font-size: 12px;\">M. As Good<br \/>\nAs Gold, n <\/span><\/td>\n<td><span style=\"font-size: 12px;\">OK<\/span><\/td>\n<td><span style=\"font-size: 12px;\">&#8211;<br \/>\n<\/span><\/td>\n<td><span style=\"font-size: 12px;\">&#8211;<br \/>\n<\/span><\/td>\n<td><span style=\"font-size: 12px;\">0\/0<br \/>\n<\/span><\/td>\n<td><span style=\"font-size: 12px;\">Koko n. 30-31 cm<br \/>\nAlapurenta pentuna<br \/>\nCEA\/CH Normal<br \/>\n<\/span><\/td>\n<\/tr>\n<tr style=\"background-color: #dcdcdc;\">\n<td><span style=\"font-size: 12px;\">M. Aim For Fame, n <\/span><\/td>\n<td><span style=\"font-size: 12px;\">OK <\/span><\/td>\n<td><span style=\"font-size: 12px;\">B\/A <\/span><\/td>\n<td><span style=\"font-size: 12px;\">0\/0 <\/span><\/td>\n<td><span style=\"font-size: 12px;\">0\/0 <\/span><\/td>\n<td><span style=\"font-size: 12px;\">Puuttuu 2 x P4<br \/>\nCEA\/CH Normal <\/span><\/td>\n<\/tr>\n<tr>\n<td><span style=\"font-size: 12px;\">M. Closer To Glory, n<br \/>\n<\/span><\/td>\n<td><span style=\"font-size: 12px;\">OK<\/span><\/td>\n<td><span style=\"font-size: 12px;\">B\/B<\/span><\/td>\n<td><span style=\"font-size: 12px;\">0\/0<\/span><\/td>\n<td><span style=\"font-size: 12px;\">0\/0<\/span><\/td>\n<td><span style=\"font-size: 12px;\">Koko 33 cm<br \/>\nCEA\/CH Normal <\/span><\/td>\n<\/tr>\n<tr>\n<td><span style=\"font-size: 12px;\">M. Cruizn On<\/span><br \/>\n<span style=\"font-size: 12px;\">Cloud Nine, u<br \/>\n<\/span><\/td>\n<td><span style=\"font-size: 12px;\">OK <\/span><\/td>\n<td><span style=\"font-size: 12px;\">B\/B<br \/>\n<\/span><\/td>\n<td><span style=\"font-size: 12px;\">0\/0<br \/>\n<\/span><\/td>\n<td><span style=\"font-size: 12px;\">0\/0 <\/span><\/td>\n<td><span style=\"font-size: 12px;\">Koko 35 cm<\/span><\/td>\n<\/tr>\n<tr>\n<td><span style=\"font-size: 12px;\">M. Cute<br \/>\nOverloaded, n <\/span><\/td>\n<td><span style=\"font-size: 12px;\">OK <\/span><\/td>\n<td><span style=\"font-size: 12px;\">\u00a0<\/span><\/td>\n<td><span style=\"font-size: 12px;\">\u00a0<\/span><\/td>\n<td><span style=\"font-size: 12px;\">\u00a0<\/span><\/td>\n<td><span style=\"font-size: 12px;\">Koko n. 33 cm<\/span><\/td>\n<\/tr>\n<tr style=\"background-color: #dcdcdc;\">\n<td><span style=\"font-size: 12px;\">M. Eats Tigers, u <\/span><\/td>\n<td><span style=\"font-size: 12px;\">OK <\/span><\/td>\n<td><span style=\"font-size: 12px;\">A\/A<\/span><\/td>\n<td><span style=\"font-size: 12px;\">0\/0<\/span><\/td>\n<td><span style=\"font-size: 12px;\">0\/0<\/span><\/td>\n<td><span style=\"font-size: 12px;\">Puuttuu 1 x M3<br \/>\nKoko n. 41 cm<br \/>\nEi sivu\u00e4\u00e4ni\u00e4. <\/span><\/td>\n<\/tr>\n<tr style=\"background-color: #dcdcdc;\">\n<td><span style=\"font-size: 12px;\">M. Electric Rabbit, u <\/span><\/td>\n<td><span style=\"font-size: 12px;\">OK <\/span><\/td>\n<td><span style=\"font-size: 12px;\">B\/B<\/span><\/td>\n<td><span style=\"font-size: 12px;\">&#8211;<\/span><\/td>\n<td><span style=\"font-size: 12px;\">0\/0<\/span><\/td>\n<td><span style=\"font-size: 12px;\">Koko n. 44 cm<br \/>\nEi sivu\u00e4\u00e4ni\u00e4. <\/span><\/td>\n<\/tr>\n<tr style=\"background-color: #dcdcdc;\">\n<td><span style=\"font-size: 12px;\">M. Eye Appeal, u <\/span><\/td>\n<td><span style=\"font-size: 12px;\">Dist.<\/span><\/td>\n<td><span style=\"font-size: 12px;\">A\/A<\/span><\/td>\n<td><span style=\"font-size: 12px;\">0\/0<\/span><\/td>\n<td><span style=\"font-size: 12px;\">0\/0<\/span><\/td>\n<td><span style=\"font-size: 12px;\">Koko n. 40 cm <\/span><\/td>\n<\/tr>\n<tr style=\"background-color: #dcdcdc;\">\n<td><span style=\"font-size: 12px;\">M. Easy Go Lucky, u <\/span><\/td>\n<td><span style=\"font-size: 12px;\">OK <\/span><\/td>\n<td><\/td>\n<td><\/td>\n<td><\/td>\n<td><span style=\"font-size: 12px;\">Koko n. 45 cm<br \/>\nSivu\u00e4\u00e4ni pentuna (ultra)<br \/>\n06\/2015 ei sivu\u00e4\u00e4ni\u00e4<br \/>\n<\/span><\/td>\n<\/tr>\n<tr style=\"background-color: #dcdcdc;\">\n<td style=\"background-color: #ffffff;\"><span style=\"font-size: 12px;\">M. Gosh These<br \/>\nCurves, n<\/span><\/td>\n<td style=\"background-color: #ffffff;\"><span style=\"font-size: 12px;\">OK<\/span><\/td>\n<td style=\"background-color: #ffffff;\"><span style=\"font-size: 12px;\">A\/A<\/span><\/td>\n<td style=\"background-color: #ffffff;\"><span style=\"font-size: 12px;\">0\/0<\/span><\/td>\n<td style=\"background-color: #ffffff;\">\u00a0<span style=\"font-size: 12px;\">0\/0<\/span><\/td>\n<td style=\"background-color: #ffffff;\"><span style=\"font-size: 12px;\">Puuttuu 2 x P2, 2 x P4<br \/>\nja 2 x M2<br \/>\nCEA\/CH Normal<br \/>\nKoko 39 cm<br \/>\nEi jalostukseen.<br \/>\nEi sivu\u00e4\u00e4ni\u00e4.<br \/>\n<\/span><\/td>\n<\/tr>\n<tr style=\"background-color: #dcdcdc;\">\n<td style=\"background-color: #ffffff;\"><span style=\"font-size: 12px;\">M. Gotta Love<br \/>\nThe Looks, u<\/span><\/td>\n<td style=\"background-color: #ffffff;\"><span style=\"font-size: 12px;\">OK<\/span><\/td>\n<td style=\"background-color: #ffffff;\"><\/td>\n<td style=\"background-color: #ffffff;\"><\/td>\n<td style=\"background-color: #ffffff;\">\u00a0<span style=\"font-size: 12px;\">0\/0<\/span><\/td>\n<td style=\"background-color: #ffffff;\"><span style=\"font-size: 12px;\">Puuttuu 1 x P2<br \/>\nKoko 35 cm<br \/>\nEi sivu\u00e4\u00e4ni\u00e4.<br \/>\n<\/span><\/td>\n<\/tr>\n<tr style=\"background-color: #dcdcdc;\">\n<td><span style=\"font-size: 12px;\">M. I&#8217;m Yours, u <\/span><\/td>\n<td><span style=\"font-size: 12px;\">&#8211;<\/span><\/td>\n<td><span style=\"font-size: 12px;\">&#8211;<\/span><\/td>\n<td><span style=\"font-size: 12px;\">&#8211;<\/span><\/td>\n<td><span style=\"font-size: 12px;\">&#8211;<\/span><\/td>\n<td><em><span style=\"font-size: 12px;\">Lopetettiin 6 viikon i\u00e4ss\u00e4 PDA:n takia.<\/span><\/em><\/td>\n<\/tr>\n<tr style=\"background-color: #dcdcdc;\">\n<td><span style=\"font-size: 12px;\">M. I Do I Do<br \/>\nI Do, n <\/span><\/td>\n<td><span style=\"font-size: 12px;\">OK<\/span><\/td>\n<td><span style=\"font-size: 12px;\">A\/A<\/span><\/td>\n<td><span style=\"font-size: 12px;\">0\/0<\/span><\/td>\n<td><span style=\"font-size: 12px;\">0\/0<\/span><\/td>\n<td><span style=\"font-size: 12px;\">Koko 34 cm<br \/>\nCEA\/CH Normal<br \/>\nMDR1 +\/-<br \/>\nSelk\u00e4 LTV1 VA0<br \/>\n<\/span><\/td>\n<\/tr>\n<tr style=\"background-color: #dcdcdc;\">\n<td><span style=\"font-size: 12px;\">M. Instant<br \/>\nCrush, n <\/span><\/td>\n<td><span style=\"font-size: 12px;\">OK<\/span><\/td>\n<td><span style=\"font-size: 12px;\">A\/A<\/span><\/td>\n<td><span style=\"font-size: 12px;\">0\/0<\/span><\/td>\n<td><span style=\"font-size: 12px;\">0\/0<\/span><\/td>\n<td><span style=\"font-size: 12px;\">Koko 33 cm<br \/>\nPuuttuu 1 x P3<br \/>\nCEA\/CH Carrier<br \/>\nMDR1 +\/-<br \/>\nSelk\u00e4 LTV1 VA0<br \/>\nPunktaattikerattiitti<br \/>\nEi jalostukseen.<br \/>\n<\/span><\/td>\n<\/tr>\n<tr style=\"background-color: #ffffff;\">\n<td><span style=\"font-size: 12px;\">M. Kissed By Frozen Mist, n<br \/>\n<\/span><\/td>\n<td><span style=\"font-size: 12px;\">OK<\/span><\/td>\n<td><span style=\"font-size: 12px;\">&#8211;<\/span><\/td>\n<td><span style=\"font-size: 12px;\">&#8211;<\/span><\/td>\n<td><span style=\"font-size: 12px;\">&#8211;<\/span><\/td>\n<td><span style=\"font-size: 12px;\">Takakannukset<\/span><\/td>\n<\/tr>\n<tr style=\"background-color: #ffffff;\">\n<td><span style=\"font-size: 12px;\">M. Kerosene Cowboy, u<br \/>\n<\/span><\/td>\n<td><span style=\"font-size: 12px;\">OK<\/span><\/td>\n<td><span style=\"font-size: 12px;\">&#8211;<\/span><\/td>\n<td><span style=\"font-size: 12px;\">&#8211;<\/span><\/td>\n<td><span style=\"font-size: 12px;\">&#8211;<\/span><\/td>\n<td><span style=\"font-size: 12px;\">Takakannukset<br \/>\nKivesvika, kastroitu<br \/>\n<\/span><\/td>\n<\/tr>\n<tr style=\"background-color: #ffffff;\">\n<td><span style=\"font-size: 12px;\">M. Kidnap My Heart, u<br \/>\n<\/span><\/td>\n<td><span style=\"font-size: 12px;\">Dist.<\/span><\/td>\n<td><span style=\"font-size: 12px;\">A\/A<\/span><\/td>\n<td><span style=\"font-size: 12px;\">0\/0<\/span><\/td>\n<td><span style=\"font-size: 12px;\">0\/0<\/span><\/td>\n<td><span style=\"font-size: 12px;\">Takakannukset<br \/>\nKoko 37,5 cm<br \/>\nEi sivu\u00e4\u00e4ni\u00e4.<br \/>\n<\/span><\/td>\n<\/tr>\n<tr style=\"background-color: #ffffff;\">\n<td><span style=\"font-size: 12px;\">M. Knock Your Socks Off, u<br \/>\n<\/span><\/td>\n<td><span style=\"font-size: 12px;\">Dist.<\/span><\/td>\n<td><span style=\"font-size: 12px;\">A\/A<\/span><\/td>\n<td><span style=\"font-size: 12px;\">0\/0<\/span><\/td>\n<td><span style=\"font-size: 12px;\">0\/0<\/span><\/td>\n<td><span style=\"font-size: 12px;\">Takakannukset<br \/>\nKoko 37,5 cm<br \/>\nKivesvika, kastroitu<br \/>\nEi sivu\u00e4\u00e4ni\u00e4.<br \/>\n<\/span><\/td>\n<\/tr>\n<tr style=\"background-color: #dcdcdc;\">\n<td><span style=\"font-size: 12px;\">M. Nothing But Glitter N Glory, n<br \/>\n<\/span><\/td>\n<td><span style=\"font-size: 12px;\">OK<\/span><\/td>\n<td><span style=\"font-size: 12px;\">&#8211;<\/span><\/td>\n<td><span style=\"font-size: 12px;\">&#8211;<\/span><\/td>\n<td><span style=\"font-size: 12px;\">&#8211;<\/span><\/td>\n<td><span style=\"font-size: 12px;\">Munuaisdystrofiaep\u00e4ily.<br \/>\nEi jalostukseen.<br \/>\nKoko 32 cm<br \/>\n<\/span><\/td>\n<\/tr>\n<\/tbody>\n<\/table>\n","protected":false},"excerpt":{"rendered":"<p>Nimi Silm\u00e4t HD ED Polvet Muuta M. Mirage, u OK &#8211; &#8211; &#8211; Koko 35 cm Menehtyi 2014 M. Miracle, n PHPV\/ PHTVL &#8211; &#8211; &#8211; Puuttuu 1 x P2 Menehtyi 2014 M. Mirasol, n OK B\/B &#8211; 0\/0 Menehtyi 2006 M. Mirabeau, u OK &#8211; &#8211; &#8211; Menehtyi 2013 M. One Man Show, u &hellip; <a href=\"https:\/\/www.minitiimi.com\/?page_id=119\" class=\"more-link\">Jatka lukemista <span class=\"screen-reader-text\">Tilastot | Statistics<\/span> <span class=\"meta-nav\">&rarr;<\/span><\/a><\/p>\n","protected":false},"author":1,"featured_media":15,"parent":104,"menu_order":0,"comment_status":"closed","ping_status":"closed","template":"page-templates\/full-width.php","meta":[],"_links":{"self":[{"href":"https:\/\/www.minitiimi.com\/index.php?rest_route=\/wp\/v2\/pages\/119"}],"collection":[{"href":"https:\/\/www.minitiimi.com\/index.php?rest_route=\/wp\/v2\/pages"}],"about":[{"href":"https:\/\/www.minitiimi.com\/index.php?rest_route=\/wp\/v2\/types\/page"}],"author":[{"embeddable":true,"href":"https:\/\/www.minitiimi.com\/index.php?rest_route=\/wp\/v2\/users\/1"}],"replies":[{"embeddable":true,"href":"https:\/\/www.minitiimi.com\/index.php?rest_route=%2Fwp%2Fv2%2Fcomments&post=119"}],"version-history":[{"count":59,"href":"https:\/\/www.minitiimi.com\/index.php?rest_route=\/wp\/v2\/pages\/119\/revisions"}],"predecessor-version":[{"id":1082,"href":"https:\/\/www.minitiimi.com\/index.php?rest_route=\/wp\/v2\/pages\/119\/revisions\/1082"}],"up":[{"embeddable":true,"href":"https:\/\/www.minitiimi.com\/index.php?rest_route=\/wp\/v2\/pages\/104"}],"wp:featuredmedia":[{"embeddable":true,"href":"https:\/\/www.minitiimi.com\/index.php?rest_route=\/wp\/v2\/media\/15"}],"wp:attachment":[{"href":"https:\/\/www.minitiimi.com\/index.php?rest_route=%2Fwp%2Fv2%2Fmedia&parent=119"}],"curies":[{"name":"wp","href":"https:\/\/api.w.org\/{rel}","templated":true}]}}