{"id":112,"date":"2014-03-04T09:14:31","date_gmt":"2014-03-04T07:14:31","guid":{"rendered":"http:\/\/minitiimi.com\/minitiimiwp\/?page_id=112"},"modified":"2020-04-13T11:00:58","modified_gmt":"2020-04-13T08:00:58","slug":"pentuesuunnitelmat-planned-litters","status":"publish","type":"page","link":"https:\/\/www.minitiimi.com\/?page_id=112","title":{"rendered":"Pentuesuunnitelmat | Planned litters"},"content":{"rendered":"<p>Etsin pennuillemme aktiivisia, erilaisista harrasteista (toko, agility) ja n\u00e4yttelyist\u00e4 ja itse rodusta ja rodun terveystilanteen parantamisesta kiinnostuneita koteja (sitoutuu terveystarkastamaan koiran aikuisena). Mik\u00e4li tunnistit itsesi, voit olla etsim\u00e4ni pennunomistaja tai sijoitushaltija.<\/p>\n<p>Olen Suomen Kennelliiton ja Shetlanninlammaskoirat ry:n j\u00e4sen ja allekirjoittanut Suomen Kennelliiton kasvattajasitoumuksen ensimm\u00e4isen kerran jo vuonna 2001, ja toistamiseen 2010. Olen my\u00f6s Suomen Koirankasvattajat ry:n (SuKoKa) j\u00e4sen. K\u00e4yt\u00e4n Suomen Kennelliiton sopimuskaavakkeita myydess\u00e4ni tai sijoittaessani pennun.<\/p>\n<p>Mik\u00e4li olet kiinnostunut koiristani, tulevista pentueista ja aikaisemmista pennuista tai haluat jutella tai kysell\u00e4 vaikka rodusta, ota yhteytt\u00e4 s\u00e4hk\u00f6postilla (vastaan iltaisin ja viikonloppuisin).<\/p>\n<p>Lue my\u00f6s menuvalikon p\u00e4\u00e4tasolla oleva <a href=\"http:\/\/www.minitiimi.com\/?page_id=104\">Pentueet | My breeding<\/a> -sivu. L\u00f6yd\u00e4t sielt\u00e4 lis\u00e4tietoa mm. pentujemme 8 ensimm\u00e4isest\u00e4 elinviikosta.<\/p>\n<hr \/>\n<p><span style=\"color: #888888;\">My puppies are raised with utmost care and attention, I place a lot of emphasis on socialization. All puppies are registered, de-wormed (3 times), micro chipped and vet checked before they leave to their new homes. Active homes (agility, obedience, shows, adult health tests) are preferred but active pet homes will be considered. <\/span><\/p>\n<p><span style=\"color: #888888;\">I&#8217;m the member of Finnish Kennelclub, Finnish Shetland Sheepdog Club and Finnish Dog Breeder&#8217;s Association. <\/span><\/p>\n<p><span style=\"color: #888888;\">If you are interested in my breeding, my shelties or my upcoming litters don&#8217;t hesitate to contact me.<\/span><\/p>\n","protected":false},"excerpt":{"rendered":"<p>Etsin pennuillemme aktiivisia, erilaisista harrasteista (toko, agility) ja n\u00e4yttelyist\u00e4 ja itse rodusta ja rodun terveystilanteen parantamisesta kiinnostuneita koteja (sitoutuu terveystarkastamaan koiran aikuisena). Mik\u00e4li tunnistit itsesi, voit olla etsim\u00e4ni pennunomistaja tai sijoitushaltija. Olen Suomen Kennelliiton ja Shetlanninlammaskoirat ry:n j\u00e4sen ja allekirjoittanut Suomen Kennelliiton kasvattajasitoumuksen ensimm\u00e4isen kerran jo vuonna 2001, ja toistamiseen 2010. Olen my\u00f6s Suomen Koirankasvattajat &hellip; <a href=\"https:\/\/www.minitiimi.com\/?page_id=112\" class=\"more-link\">Jatka lukemista <span class=\"screen-reader-text\">Pentuesuunnitelmat | Planned litters<\/span> <span class=\"meta-nav\">&rarr;<\/span><\/a><\/p>\n","protected":false},"author":1,"featured_media":5,"parent":104,"menu_order":0,"comment_status":"closed","ping_status":"closed","template":"","meta":[],"_links":{"self":[{"href":"https:\/\/www.minitiimi.com\/index.php?rest_route=\/wp\/v2\/pages\/112"}],"collection":[{"href":"https:\/\/www.minitiimi.com\/index.php?rest_route=\/wp\/v2\/pages"}],"about":[{"href":"https:\/\/www.minitiimi.com\/index.php?rest_route=\/wp\/v2\/types\/page"}],"author":[{"embeddable":true,"href":"https:\/\/www.minitiimi.com\/index.php?rest_route=\/wp\/v2\/users\/1"}],"replies":[{"embeddable":true,"href":"https:\/\/www.minitiimi.com\/index.php?rest_route=%2Fwp%2Fv2%2Fcomments&post=112"}],"version-history":[{"count":33,"href":"https:\/\/www.minitiimi.com\/index.php?rest_route=\/wp\/v2\/pages\/112\/revisions"}],"predecessor-version":[{"id":1093,"href":"https:\/\/www.minitiimi.com\/index.php?rest_route=\/wp\/v2\/pages\/112\/revisions\/1093"}],"up":[{"embeddable":true,"href":"https:\/\/www.minitiimi.com\/index.php?rest_route=\/wp\/v2\/pages\/104"}],"wp:featuredmedia":[{"embeddable":true,"href":"https:\/\/www.minitiimi.com\/index.php?rest_route=\/wp\/v2\/media\/5"}],"wp:attachment":[{"href":"https:\/\/www.minitiimi.com\/index.php?rest_route=%2Fwp%2Fv2%2Fmedia&parent=112"}],"curies":[{"name":"wp","href":"https:\/\/api.w.org\/{rel}","templated":true}]}}